{"id":350,"date":"2024-01-15T14:43:07","date_gmt":"2024-01-15T13:43:07","guid":{"rendered":"https:\/\/www.clesup.com\/?page_id=350"},"modified":"2024-01-24T00:22:54","modified_gmt":"2024-01-23T23:22:54","slug":"certains-lont-fait-pourquoi-pas-vous","status":"publish","type":"page","link":"https:\/\/clesup.com\/index.php\/certains-lont-fait-pourquoi-pas-vous\/","title":{"rendered":"Certains l\u2019ont fait, pourquoi pas vous :"},"content":{"rendered":"<p><div class=\"fusion-fullwidth fullwidth-box fusion-builder-row-1 fusion-flex-container gradient-container-1 nonhundred-percent-fullwidth non-hundred-percent-height-scrolling\" style=\"--awb-border-sizes-top:0px;--awb-border-sizes-bottom:0px;--awb-border-sizes-left:0px;--awb-border-sizes-right:0px;--awb-border-radius-top-left:0px;--awb-border-radius-top-right:0px;--awb-border-radius-bottom-right:0px;--awb-border-radius-bottom-left:0px;--awb-padding-top:60px;--awb-padding-right:30px;--awb-padding-bottom:60px;--awb-padding-left:30px;--awb-margin-top:0px;--awb-margin-bottom:0px;--awb-background-color:#ffffff;--awb-flex-wrap:wrap;\" ><div class=\"fusion-builder-row fusion-row fusion-flex-align-items-flex-start fusion-flex-content-wrap\" style=\"max-width:1248px;margin-left: calc(-4% \/ 2 );margin-right: calc(-4% \/ 2 );\"><div class=\"fusion-layout-column fusion_builder_column fusion-builder-column-0 fusion_builder_column_1_1 1_1 fusion-flex-column fusion-flex-align-self-center fusion-animated\" style=\"--awb-padding-bottom:0px;--awb-bg-size:cover;--awb-width-large:100%;--awb-margin-top-large:0px;--awb-spacing-right-large:1.92%;--awb-margin-bottom-large:30px;--awb-spacing-left-large:1.92%;--awb-width-medium:100%;--awb-order-medium:0;--awb-spacing-right-medium:1.92%;--awb-spacing-left-medium:1.92%;--awb-width-small:100%;--awb-order-small:0;--awb-spacing-right-small:1.92%;--awb-spacing-left-small:1.92%;\" data-animationType=\"fadeIn\" data-animationDuration=\"1.3\" data-animationOffset=\"top-into-view\" data-motion-effects=\"[{&quot;type&quot;:&quot;&quot;,&quot;scroll_type&quot;:&quot;transition&quot;,&quot;scroll_direction&quot;:&quot;up&quot;,&quot;transition_speed&quot;:&quot;1&quot;,&quot;fade_type&quot;:&quot;in&quot;,&quot;scale_type&quot;:&quot;up&quot;,&quot;initial_scale&quot;:&quot;1&quot;,&quot;max_scale&quot;:&quot;1.5&quot;,&quot;min_scale&quot;:&quot;0.5&quot;,&quot;initial_rotate&quot;:&quot;0&quot;,&quot;end_rotate&quot;:&quot;30&quot;,&quot;initial_blur&quot;:&quot;0&quot;,&quot;end_blur&quot;:&quot;3&quot;,&quot;start_element&quot;:&quot;top&quot;,&quot;start_viewport&quot;:&quot;bottom&quot;,&quot;end_element&quot;:&quot;bottom&quot;,&quot;end_viewport&quot;:&quot;top&quot;,&quot;mouse_effect&quot;:&quot;track&quot;,&quot;mouse_effect_direction&quot;:&quot;opposite&quot;,&quot;mouse_effect_speed&quot;:&quot;2&quot;,&quot;infinite_animation&quot;:&quot;float&quot;,&quot;infinite_animation_speed&quot;:&quot;2&quot;}]\" data-scroll-devices=\"small-visibility,medium-visibility,large-visibility\"><div class=\"fusion-column-wrapper fusion-column-has-shadow fusion-flex-justify-content-center fusion-content-layout-row fusion-flex-align-items-center\"><div class=\"fusion-title title fusion-title-1 fusion-sep-none fusion-title-center fusion-title-highlight fusion-loop-off fusion-highlight-underline_zigzag fusion-title-size-three\" style=\"--awb-highlight-width:7;--awb-margin-bottom:40px;\" data-highlight=\"underline_zigzag\"><h3 class=\"fusion-title-heading title-heading-center\" style=\"margin:0;\"><span class=\"fusion-highlighted-text-prefix\">Certains l'ont fait<\/span> <span class=\"fusion-highlighted-text-wrapper\"><span class=\"fusion-highlighted-text\">pourquoi pas vous ?<\/span><\/span> <span class=\"fusion-highlighted-text-postfix\"><\/span><\/h3><\/div><\/div><\/div><\/div><\/div><div class=\"fusion-fullwidth fullwidth-box fusion-builder-row-2 fusion-flex-container has-pattern-background has-mask-background gradient-container-2 nonhundred-percent-fullwidth non-hundred-percent-height-scrolling\" style=\"--awb-border-radius-top-left:0px;--awb-border-radius-top-right:0px;--awb-border-radius-bottom-right:0px;--awb-border-radius-bottom-left:0px;--awb-flex-wrap:wrap;\" ><div class=\"fusion-builder-row fusion-row fusion-flex-align-items-flex-start fusion-flex-content-wrap\" style=\"max-width:1248px;margin-left: calc(-4% \/ 2 );margin-right: calc(-4% \/ 2 );\"><div class=\"fusion-layout-column fusion_builder_column fusion-builder-column-1 fusion_builder_column_1_1 1_1 fusion-flex-column\" style=\"--awb-bg-size:cover;--awb-width-large:100%;--awb-margin-top-large:0px;--awb-spacing-right-large:1.92%;--awb-margin-bottom-large:20px;--awb-spacing-left-large:1.92%;--awb-width-medium:100%;--awb-order-medium:0;--awb-spacing-right-medium:1.92%;--awb-spacing-left-medium:1.92%;--awb-width-small:100%;--awb-order-small:0;--awb-spacing-right-small:1.92%;--awb-spacing-left-small:1.92%;\"><div class=\"fusion-column-wrapper fusion-column-has-shadow fusion-flex-justify-content-flex-start fusion-content-layout-column\"><div class=\"fusion-content-boxes content-boxes columns row fusion-columns-4 fusion-columns-total-4 fusion-content-boxes-1 content-boxes-icon-boxed content-left fusion-delayed-animation\" style=\"--awb-backgroundcolor:var(--awb-color3);--awb-body-color:#141617;--awb-title-color:#141617;--awb-iconcolor:#ffffff;--awb-hover-accent-color:var(--awb-color5);--awb-circle-hover-accent-color:var(--awb-color5);\" data-animation-delay=\"300\" data-animationOffset=\"top-into-view\"><div style=\"--awb-backgroundcolor:var(--awb-color3);--awb-iconcolor:#ffffff;\" class=\"fusion-column content-box-column content-box-column content-box-column-1 col-lg-3 col-md-3 col-sm-3 fusion-content-box-hover content-box-column-first-in-row\"><div class=\"col content-box-wrapper content-wrapper-background content-wrapper-boxed link-area-link-icon link-type-button-bar content-icon-wrapper-yes icon-hover-animation-fade fusion-animated\" data-animationType=\"fadeInUp\" data-animationDuration=\"0.8\" data-animationOffset=\"top-into-view\"><div class=\"heading heading-with-icon icon-left\"><a class=\"heading-link\" href=\"https:\/\/www.clesup.com\/wp-content\/uploads\/2024\/01\/UT136b-15-16.pdf\" target=\"_self\"><div class=\"icon\" style=\"-webkit-animation-duration: 300ms;animation-duration: 300ms;\"><span style=\"height:40px;width:40px;line-height:20px;border-color:rgba(255,255,255,0);border-width:1px;border-style:solid;background-color:rgba(255,255,255,0);position:absolute;top:-70px;margin-left:-20px;box-sizing:content-box;border-radius:50%;\"><i style=\"border-color:#212934;border-width:0px;background-color:var(--awb-color5);box-sizing:content-box;height:40px;width:40px;line-height:40px;border-radius:50%;position:relative;top:auto;left:auto;margin:0;border-radius:50%;font-size:20px;\" aria-hidden=\"true\" class=\"fontawesome-icon icon-mkb-plus circle-yes\"><\/i><\/span><\/div><h2 class=\"content-box-heading\" style=\"--h2_typography-font-size:21px;line-height:26px;\">Les Grandes \u00c9coles et leurs r\u00e9sidences<\/h2><\/a><\/div><div class=\"fusion-clearfix\"><\/div><div class=\"content-container\">\n<p>Projecteur sur la mani\u00e8re dont les Grandes \u00c9coles prennent concr\u00e8tement en charge l\u2019h\u00e9bergement de leur public, tant national qu\u2019international.<\/p>\n<p>(IMT Nantes Atlantique, ESSEC, CESAL \/ Centrale Sup\u00e9lec)<\/p>\n<\/div><div class=\"fusion-clearfix\"><\/div><a class=\" fusion-read-more fusion-button-bar\" href=\"https:\/\/www.clesup.com\/wp-content\/uploads\/2024\/01\/UT136b-15-16.pdf\" target=\"_self\">T\u00e9l\u00e9charger l'article<\/a><div class=\"fusion-clearfix\"><\/div><\/div><\/div><div style=\"--awb-backgroundcolor:var(--awb-color3);--awb-iconcolor:#ffffff;\" class=\"fusion-column content-box-column content-box-column content-box-column-2 col-lg-3 col-md-3 col-sm-3 fusion-content-box-hover \"><div class=\"col content-box-wrapper content-wrapper-background content-wrapper-boxed link-area-link-icon link-type-button-bar content-icon-wrapper-yes icon-hover-animation-fade fusion-animated\" data-animationType=\"fadeInUp\" data-animationDuration=\"0.8\" data-animationOffset=\"top-into-view\"><div class=\"heading heading-with-icon icon-left\"><a class=\"heading-link\" href=\"https:\/\/www.clesup.com\/wp-content\/uploads\/2024\/01\/UT136-6-9.pdf\" target=\"_self\"><div class=\"icon\" style=\"-webkit-animation-duration: 300ms;animation-duration: 300ms;\"><span style=\"height:40px;width:40px;line-height:20px;border-color:rgba(255,255,255,0);border-width:1px;border-style:solid;background-color:rgba(255,255,255,0);position:absolute;top:-70px;margin-left:-20px;box-sizing:content-box;border-radius:50%;\"><i style=\"border-color:#212934;border-width:0px;background-color:var(--awb-color5);box-sizing:content-box;height:40px;width:40px;line-height:40px;border-radius:50%;position:relative;top:auto;left:auto;margin:0;border-radius:50%;font-size:20px;\" aria-hidden=\"true\" class=\"fontawesome-icon icon-mkb-product circle-yes\"><\/i><\/span><\/div><h2 class=\"content-box-heading\" style=\"--h2_typography-font-size:21px;line-height:26px;\">Quelles alliances pour des r\u00e9sidences ?<\/h2><\/a><\/div><div class=\"fusion-clearfix\"><\/div><div class=\"content-container\">\n<p>Pr\u00e9sentation de quatre projets concrets d\u2019alliances d\u2019un \u00e9tablissement du sup\u00e9rieur avec un exploitant de r\u00e9sidences \u00e9tudiantes, afin de cr\u00e9er une offre de logements pour leurs \u00e9tudiants.<span class=\"Apple-converted-space\">\u00a0<\/span><\/p>\n<p>(CGE, ART FX, Campus Condorcet, Universit\u00e9 de Montpellier, EFREI Paris)<\/p>\n<\/div><div class=\"fusion-clearfix\"><\/div><a class=\" fusion-read-more fusion-button-bar\" href=\"https:\/\/www.clesup.com\/wp-content\/uploads\/2024\/01\/UT136-6-9.pdf\" target=\"_self\">T\u00e9l\u00e9charger l'article<\/a><div class=\"fusion-clearfix\"><\/div><\/div><\/div><div style=\"--awb-backgroundcolor:var(--awb-color3);--awb-iconcolor:#ffffff;\" class=\"fusion-column content-box-column content-box-column content-box-column-3 col-lg-3 col-md-3 col-sm-3 fusion-content-box-hover \"><div class=\"col content-box-wrapper content-wrapper-background content-wrapper-boxed link-area-link-icon link-type-button-bar content-icon-wrapper-yes icon-hover-animation-fade fusion-animated\" data-animationType=\"fadeInUp\" data-animationDuration=\"0.8\" data-animationOffset=\"top-into-view\"><div class=\"heading heading-with-icon icon-left\"><a class=\"heading-link\" href=\"https:\/\/www.clesup.com\/wp-content\/uploads\/2024\/01\/UT_164-5-6.pdf\" target=\"_self\"><div class=\"icon\" style=\"-webkit-animation-duration: 300ms;animation-duration: 300ms;\"><span style=\"height:40px;width:40px;line-height:20px;border-color:rgba(255,255,255,0);border-width:1px;border-style:solid;background-color:rgba(255,255,255,0);position:absolute;top:-70px;margin-left:-20px;box-sizing:content-box;border-radius:50%;\"><i style=\"border-color:#212934;border-width:0px;background-color:var(--awb-color5);box-sizing:content-box;height:40px;width:40px;line-height:40px;border-radius:50%;position:relative;top:auto;left:auto;margin:0;border-radius:50%;font-size:20px;\" aria-hidden=\"true\" class=\"fontawesome-icon icon-mkb-stats circle-yes\"><\/i><\/span><\/div><h2 class=\"content-box-heading\" style=\"--h2_typography-font-size:21px;line-height:26px;\">Une initiative-cl\u00e9 pour la r\u00e9ussite de ses \u00e9tudiants<\/h2><\/a><\/div><div class=\"fusion-clearfix\"><\/div><div class=\"content-container\">\n<p><span class=\"Apple-converted-space\">\u00a0<\/span>La Fondation Dauphine s\u2019appr\u00eate \u00e0 marquer un jalon significatif dans son engagement en faveur du logement \u00e9tudiant, avec l\u2019inauguration de sa nouvelle r\u00e9sidence \u00e9tudiante, Saint-Ouen Libert\u00e9, pr\u00e9vue le lundi 16 octobre prochain.<span class=\"Apple-converted-space\">\u00a0<\/span><\/p>\n<p>(Fondation Dauphine)<\/p>\n<\/div><div class=\"fusion-clearfix\"><\/div><a class=\" fusion-read-more fusion-button-bar\" href=\"https:\/\/www.clesup.com\/wp-content\/uploads\/2024\/01\/UT_164-5-6.pdf\" target=\"_self\">T\u00e9l\u00e9charger l'article<\/a><div class=\"fusion-clearfix\"><\/div><\/div><\/div><div style=\"--awb-backgroundcolor:var(--awb-color3);--awb-iconcolor:#ffffff;\" class=\"fusion-column content-box-column content-box-column content-box-column-4 col-lg-3 col-md-3 col-sm-3 fusion-content-box-hover content-box-column-last content-box-column-last-in-row\"><div class=\"col content-box-wrapper content-wrapper-background content-wrapper-boxed link-area-link-icon link-type-button-bar content-icon-wrapper-yes icon-hover-animation-fade fusion-animated\" data-animationType=\"fadeInUp\" data-animationDuration=\"0.8\" data-animationOffset=\"top-into-view\"><div class=\"heading heading-with-icon icon-left\"><a class=\"heading-link\" href=\"https:\/\/www.clesup.com\/wp-content\/uploads\/2024\/01\/UT_167-19.pdf\" target=\"_self\"><div class=\"icon\" style=\"-webkit-animation-duration: 300ms;animation-duration: 300ms;\"><span style=\"height:40px;width:40px;line-height:20px;border-color:rgba(255,255,255,0);border-width:1px;border-style:solid;background-color:rgba(255,255,255,0);position:absolute;top:-70px;margin-left:-20px;box-sizing:content-box;border-radius:50%;\"><i style=\"border-color:#212934;border-width:0px;background-color:var(--awb-color5);box-sizing:content-box;height:40px;width:40px;line-height:40px;border-radius:50%;position:relative;top:auto;left:auto;margin:0;border-radius:50%;font-size:20px;\" aria-hidden=\"true\" class=\"fontawesome-icon icon-mkb-group circle-yes\"><\/i><\/span><\/div><h2 class=\"content-box-heading\" style=\"--h2_typography-font-size:21px;line-height:26px;\">Un projet d\u2019\u00e9tablissement d\u00e9di\u00e9 au logement<\/h2><\/a><\/div><div class=\"fusion-clearfix\"><\/div><div class=\"content-container\">\n<p>Quatre intervenants ont eu l\u2019occasion d\u2019\u00e9changer avec le public, proposant \u00e0 chaque fois de faire \u00ab Un pas de c\u00f4t\u00e9 \u00bb afin de sentir l\u2019air du temps, de percevoir certaines \u00e9volutions, d\u2019envisager de nouvelles probl\u00e9matiques sous des angles nouveaux.<\/p>\n<p>(INSA Lyon)<\/p>\n<\/div><div class=\"fusion-clearfix\"><\/div><a class=\" fusion-read-more fusion-button-bar\" href=\"https:\/\/www.clesup.com\/wp-content\/uploads\/2024\/01\/UT_167-19.pdf\" target=\"_self\">T\u00e9l\u00e9charger l'article<\/a><div class=\"fusion-clearfix\"><\/div><\/div><\/div><div class=\"fusion-clearfix\"><\/div><\/div><\/div><\/div><\/div><\/div><\/p>\n","protected":false},"excerpt":{"rendered":"","protected":false},"author":5,"featured_media":0,"parent":0,"menu_order":0,"comment_status":"closed","ping_status":"closed","template":"100-width.php","meta":{"footnotes":""},"class_list":["post-350","page","type-page","status-publish","hentry"],"yoast_head":"<!-- This site is optimized with the Yoast SEO plugin v27.4 - https:\/\/yoast.com\/product\/yoast-seo-wordpress\/ -->\n<title>Certains l\u2019ont fait, pourquoi pas vous : - cl\u00e9sup&#039;<\/title>\n<meta name=\"robots\" content=\"index, follow, max-snippet:-1, max-image-preview:large, max-video-preview:-1\" \/>\n<link rel=\"canonical\" href=\"https:\/\/clesup.com\/index.php\/certains-lont-fait-pourquoi-pas-vous\/\" \/>\n<meta property=\"og:locale\" content=\"fr_FR\" \/>\n<meta property=\"og:type\" content=\"article\" \/>\n<meta property=\"og:title\" content=\"Certains l\u2019ont fait, pourquoi pas vous : - cl\u00e9sup&#039;\" \/>\n<meta property=\"og:url\" content=\"https:\/\/clesup.com\/index.php\/certains-lont-fait-pourquoi-pas-vous\/\" \/>\n<meta property=\"og:site_name\" content=\"cl\u00e9sup&#039;\" \/>\n<meta property=\"article:modified_time\" content=\"2024-01-23T23:22:54+00:00\" \/>\n<meta name=\"twitter:card\" content=\"summary_large_image\" \/>\n<meta name=\"twitter:label1\" content=\"Dur\u00e9e de lecture estim\u00e9e\" \/>\n\t<meta name=\"twitter:data1\" content=\"1 minute\" \/>\n<script type=\"application\/ld+json\" class=\"yoast-schema-graph\">{\"@context\":\"https:\\\/\\\/schema.org\",\"@graph\":[{\"@type\":\"WebPage\",\"@id\":\"https:\\\/\\\/clesup.com\\\/index.php\\\/certains-lont-fait-pourquoi-pas-vous\\\/\",\"url\":\"https:\\\/\\\/clesup.com\\\/index.php\\\/certains-lont-fait-pourquoi-pas-vous\\\/\",\"name\":\"Certains l\u2019ont fait, pourquoi pas vous : - cl\u00e9sup&#039;\",\"isPartOf\":{\"@id\":\"https:\\\/\\\/clesup.com\\\/#website\"},\"datePublished\":\"2024-01-15T13:43:07+00:00\",\"dateModified\":\"2024-01-23T23:22:54+00:00\",\"breadcrumb\":{\"@id\":\"https:\\\/\\\/clesup.com\\\/index.php\\\/certains-lont-fait-pourquoi-pas-vous\\\/#breadcrumb\"},\"inLanguage\":\"fr-FR\",\"potentialAction\":[{\"@type\":\"ReadAction\",\"target\":[\"https:\\\/\\\/clesup.com\\\/index.php\\\/certains-lont-fait-pourquoi-pas-vous\\\/\"]}]},{\"@type\":\"BreadcrumbList\",\"@id\":\"https:\\\/\\\/clesup.com\\\/index.php\\\/certains-lont-fait-pourquoi-pas-vous\\\/#breadcrumb\",\"itemListElement\":[{\"@type\":\"ListItem\",\"position\":1,\"name\":\"Accueil\",\"item\":\"https:\\\/\\\/clesup.com\\\/\"},{\"@type\":\"ListItem\",\"position\":2,\"name\":\"Certains l\u2019ont fait, pourquoi pas vous :\"}]},{\"@type\":\"WebSite\",\"@id\":\"https:\\\/\\\/clesup.com\\\/#website\",\"url\":\"https:\\\/\\\/clesup.com\\\/\",\"name\":\"cl\u00e9sup&#039;\",\"description\":\"Cl\u00e9Sup&#039; est une agence qui accompagne les universit\u00e9s et les grandes \u00e9coles dans le d\u00e9veloppement du logement \u00e9tudiant\",\"potentialAction\":[{\"@type\":\"SearchAction\",\"target\":{\"@type\":\"EntryPoint\",\"urlTemplate\":\"https:\\\/\\\/clesup.com\\\/?s={search_term_string}\"},\"query-input\":{\"@type\":\"PropertyValueSpecification\",\"valueRequired\":true,\"valueName\":\"search_term_string\"}}],\"inLanguage\":\"fr-FR\"}]}<\/script>\n<!-- \/ Yoast SEO plugin. -->","yoast_head_json":{"title":"Certains l\u2019ont fait, pourquoi pas vous : - cl\u00e9sup&#039;","robots":{"index":"index","follow":"follow","max-snippet":"max-snippet:-1","max-image-preview":"max-image-preview:large","max-video-preview":"max-video-preview:-1"},"canonical":"https:\/\/clesup.com\/index.php\/certains-lont-fait-pourquoi-pas-vous\/","og_locale":"fr_FR","og_type":"article","og_title":"Certains l\u2019ont fait, pourquoi pas vous : - cl\u00e9sup&#039;","og_url":"https:\/\/clesup.com\/index.php\/certains-lont-fait-pourquoi-pas-vous\/","og_site_name":"cl\u00e9sup&#039;","article_modified_time":"2024-01-23T23:22:54+00:00","twitter_card":"summary_large_image","twitter_misc":{"Dur\u00e9e de lecture estim\u00e9e":"1 minute"},"schema":{"@context":"https:\/\/schema.org","@graph":[{"@type":"WebPage","@id":"https:\/\/clesup.com\/index.php\/certains-lont-fait-pourquoi-pas-vous\/","url":"https:\/\/clesup.com\/index.php\/certains-lont-fait-pourquoi-pas-vous\/","name":"Certains l\u2019ont fait, pourquoi pas vous : - cl\u00e9sup&#039;","isPartOf":{"@id":"https:\/\/clesup.com\/#website"},"datePublished":"2024-01-15T13:43:07+00:00","dateModified":"2024-01-23T23:22:54+00:00","breadcrumb":{"@id":"https:\/\/clesup.com\/index.php\/certains-lont-fait-pourquoi-pas-vous\/#breadcrumb"},"inLanguage":"fr-FR","potentialAction":[{"@type":"ReadAction","target":["https:\/\/clesup.com\/index.php\/certains-lont-fait-pourquoi-pas-vous\/"]}]},{"@type":"BreadcrumbList","@id":"https:\/\/clesup.com\/index.php\/certains-lont-fait-pourquoi-pas-vous\/#breadcrumb","itemListElement":[{"@type":"ListItem","position":1,"name":"Accueil","item":"https:\/\/clesup.com\/"},{"@type":"ListItem","position":2,"name":"Certains l\u2019ont fait, pourquoi pas vous :"}]},{"@type":"WebSite","@id":"https:\/\/clesup.com\/#website","url":"https:\/\/clesup.com\/","name":"cl\u00e9sup&#039;","description":"Cl\u00e9Sup&#039; est une agence qui accompagne les universit\u00e9s et les grandes \u00e9coles dans le d\u00e9veloppement du logement \u00e9tudiant","potentialAction":[{"@type":"SearchAction","target":{"@type":"EntryPoint","urlTemplate":"https:\/\/clesup.com\/?s={search_term_string}"},"query-input":{"@type":"PropertyValueSpecification","valueRequired":true,"valueName":"search_term_string"}}],"inLanguage":"fr-FR"}]}},"_links":{"self":[{"href":"https:\/\/clesup.com\/index.php\/wp-json\/wp\/v2\/pages\/350","targetHints":{"allow":["GET"]}}],"collection":[{"href":"https:\/\/clesup.com\/index.php\/wp-json\/wp\/v2\/pages"}],"about":[{"href":"https:\/\/clesup.com\/index.php\/wp-json\/wp\/v2\/types\/page"}],"author":[{"embeddable":true,"href":"https:\/\/clesup.com\/index.php\/wp-json\/wp\/v2\/users\/5"}],"replies":[{"embeddable":true,"href":"https:\/\/clesup.com\/index.php\/wp-json\/wp\/v2\/comments?post=350"}],"version-history":[{"count":25,"href":"https:\/\/clesup.com\/index.php\/wp-json\/wp\/v2\/pages\/350\/revisions"}],"predecessor-version":[{"id":389,"href":"https:\/\/clesup.com\/index.php\/wp-json\/wp\/v2\/pages\/350\/revisions\/389"}],"wp:attachment":[{"href":"https:\/\/clesup.com\/index.php\/wp-json\/wp\/v2\/media?parent=350"}],"curies":[{"name":"wp","href":"https:\/\/api.w.org\/{rel}","templated":true}]}}