{"id":213,"date":"2020-05-27T14:19:11","date_gmt":"2020-05-27T12:19:11","guid":{"rendered":"https:\/\/www.clesup.com\/?page_id=213"},"modified":"2020-06-01T11:11:56","modified_gmt":"2020-06-01T09:11:56","slug":"mentions-legales","status":"publish","type":"page","link":"https:\/\/clesup.com\/index.php\/mentions-legales\/","title":{"rendered":"mentions l\u00e9gales"},"content":{"rendered":"<div class=\"fusion-fullwidth fullwidth-box fusion-builder-row-1 gradient-container-1 nonhundred-percent-fullwidth non-hundred-percent-height-scrolling\" style=\"--awb-border-radius-top-left:0px;--awb-border-radius-top-right:0px;--awb-border-radius-bottom-right:0px;--awb-border-radius-bottom-left:0px;--awb-flex-wrap:wrap;\" ><div class=\"fusion-builder-row fusion-row\"><div class=\"fusion-layout-column fusion_builder_column fusion-builder-column-0 fusion_builder_column_1_1 1_1 fusion-one-full fusion-column-first fusion-column-last\" style=\"--awb-bg-size:cover;\"><div class=\"fusion-column-wrapper fusion-column-has-shadow fusion-flex-column-wrapper-legacy\"><div class=\"fusion-text fusion-text-1\"><div class=\"fusion-title title fusion-title-1 sep-underline sep-solid fusion-title-size-one fusion-border-below-title\">\n<h1 class=\"title-heading-left\">Mentions l\u00e9gales<\/h1>\n<\/div>\n<div class=\"fusion-text\">\n<p><i>En vigueur au 01\/06\/2020<\/i><\/p>\n<p>Conform\u00e9ment aux dispositions des Articles 6-III et 19 de la Loi n\u00b02004-575 du 21 juin 2004 pour la Confiance dans l\u2019\u00e9conomie num\u00e9rique, dite L.C.E.N., il est port\u00e9 \u00e0 la connaissance des Utilisateurs du site <strong><i>www.clesup.com<\/i><\/strong> les pr\u00e9sentes mentions l\u00e9gales.<\/p>\n<p>La connexion et la navigation sur le site <strong><i>www.clesup.com<\/i><\/strong>\u00a0par l\u2019Utilisateur implique acceptation int\u00e9grale et sans r\u00e9serve des pr\u00e9sentes mentions l\u00e9gales.<\/p>\n<p>Ces derni\u00e8res sont accessibles sur le site \u00e0 la rubrique \u00ab Mentions l\u00e9gales \u00bb.<\/p>\n<p><b>ARTICLE 1 : L\u2019\u00e9diteur<\/b><\/p>\n<p>L\u2019\u00e9dition du site <em><strong>www.clesup.com<\/strong><\/em>\u00a0est assur\u00e9e par la Soci\u00e9t\u00e9 sarl Cl\u00e9Sup&rsquo; (en cours de constitution), domicile \u00e0 l&rsquo;adresse :\u00a0<i>Cl\u00e9Sup&rsquo;<\/i>\u00a0<em>49, rue Jean Bleuzen <\/em><em>92170 Vanves,\u00a0<\/em>\u00a0adresse e-mail : contact@clesup.com.<\/p>\n<p>Le Directeur de la publication est \u00a0M. Laurent Batsch.<\/p>\n<p><b>ARTICLE 2 : L\u2019h\u00e9bergeur<\/b><\/p>\n<p>L\u2019h\u00e9bergeur du site <em><strong>www.clesup.com<\/strong><\/em>\u00a0est la Soci\u00e9t\u00e9 Gandi SAS, dont le si\u00e8ge social est situ\u00e9 au 63-65 boulevard Mass\u00e9na Paris (75013) FRANCE , avec le num\u00e9ro de t\u00e9l\u00e9phone : Tel +33 (0) 1 70.37.76.61.<\/p>\n<p><b>ARTICLE 3 : Acc\u00e8s au site<\/b><\/p>\n<p>Le site est accessible par tout endroit, 7j\/7, 24h\/24 sauf cas de force majeure, interruption programm\u00e9e ou non et pouvant d\u00e9coulant d\u2019une n\u00e9cessit\u00e9 de maintenance.<\/p>\n<p>En cas de modification, interruption ou suspension des services le site <strong><em>www.clesup.com<\/em>\u00a0<\/strong>ne saurait \u00eatre tenu responsable.<\/p>\n<p><b>ARTICLE 4 : RGPD<\/b><\/p>\n<p>Conform\u00e9ment aux articles 15 et suivants du R\u00e8glement (UE) 2016\/679 du 27 avril 2016 (RGPD) et \u00e0 la Loi n\u00b0 78-17 du 6 janvier 1978 modifi\u00e9e, relative \u00e0 l\u2019informatique, aux fichiers et aux libert\u00e9s (Loi Informatique et Libert\u00e9s), vous disposez de divers droits sur vos donn\u00e9es personnelles, dont notamment les droits d\u2019acc\u00e8s, de rectification, de suppression sous certaines conditions, et de limitation des donn\u00e9es trait\u00e9es par socialdemain.<\/p>\n<p>Si vous souhaitez faire valoir ces droits, nous vous invitons \u00e0 remplir le formulaire qui s\u2019adresse \u00e0 toute personne physique dont les donn\u00e9es sont susceptibles d\u2019\u00eatre trait\u00e9es par socialdemain. Certains champs du formulaire ci-dessous sont obligatoires (indiqu\u00e9s par un ast\u00e9risque \u00ab <b>*<\/b> \u00bb).<\/p>\n<p>socialdemain vous demandera de pr\u00e9senter une pi\u00e8ce d\u2019identit\u00e9 valide.<\/p>\n<p>socialdemain se chargera de traiter votre demande dans un d\u00e9lai d\u2019un (01) mois \u00e0 compter de la r\u00e9ception de celle-ci.<\/p>\n<p>Vous pouvez \u00e9galement faire valoir vos droits<\/p>\n<p>\u2013 par mail \u00e0 l\u2019adresse mail <a href=\"mailto:contact@clesup.com\">contact@clesup.com<\/a><\/p>\n<p>\u2013 par voie postale \u00e0 : <i>Cl\u00e9Sup&rsquo;<\/i>\u00a0<em>49, rue Jean Bleuzen <\/em><em>92170 Vanves<\/em>;<\/p>\n<p>Les donn\u00e9es \u00e0 caract\u00e8re personnelles transmises dans le cadre de l\u2019exercice de vos droits sont trait\u00e9es aux seules fins de r\u00e9pondre \u00e0 votre demande et sont conserv\u00e9es pour une dur\u00e9e maximale d\u2019un (01) an \u00e0 compter de la demande.<\/p>\n<p><b>ARTICLE 5 : Cookies<\/b><\/p>\n<p>L\u2019Utilisateur est inform\u00e9 que lors de ses visites sur le site, un cookie peut s\u2019installer automatiquement sur son logiciel de navigation.<\/p>\n<p>En naviguant sur le site, il les accepte.<\/p>\n<p>Un cookie est un \u00e9l\u00e9ment qui ne permet pas d\u2019identifier l\u2019Utilisateur mais sert \u00e0 enregistrer des informations relatives \u00e0 la navigation de celui-ci sur le site Internet. L\u2019Utilisateur pourra d\u00e9sactiver ce cookie par l\u2019interm\u00e9diaire des param\u00e8tres figurant au sein de son logiciel de navigation.<\/p>\n<p><b>ARTICLE 6 : Propri\u00e9t\u00e9 intellectuelle<\/b><\/p>\n<p>Toute utilisation, reproduction, diffusion, commercialisation, modification de toute ou partie du site <strong><i>www.clesup.com<\/i><\/strong>\u00a0sans autorisation de l\u2019Editeur est prohib\u00e9e et pourra entra\u00eener des actions et poursuites judiciaires telles que notamment pr\u00e9vues par le Code de la propri\u00e9t\u00e9 intellectuelle et le Code civil.<\/p>\n<\/div>\n<h5><\/h5>\n<h4>Cr\u00e9dits<\/h4>\n<p><strong>Cr\u00e9ation du Site :<\/strong> crouitch conception : crouitch@crouitch.com<\/p>\n<p><strong>Iconographie :<\/strong><\/p>\n<ul>\n<li><a href=\"http:\/\/www.cpu.fr\/phototheque\/\">Phototh\u00e8que<\/a> de la Conf\u00e9rence des pr\u00e9sidents d&rsquo;universit\u00e9 :\u00a0\u00a9 Conf\u00e9rence des pr\u00e9sidents d&rsquo;universit\u00e9 \u2013 Universit\u00e9 Paris Descartes,\u00a0\u00a9 Conf\u00e9rence des pr\u00e9sidents d&rsquo;universit\u00e9 \u2013 Universit\u00e9 de Montpellier,\u00a0\u00a9 Conf\u00e9rence des pr\u00e9sidents d&rsquo;universit\u00e9 \u2013 Universit\u00e9 d&rsquo;Angers,\u00a0\u00a9 Conf\u00e9rence des pr\u00e9sidents d&rsquo;universit\u00e9 &#8211; Universit\u00e9 Paris-Est Marne-la-Vall\u00e9e,\u00a0\u00a9 Conf\u00e9rence des pr\u00e9sidents d&rsquo;universit\u00e9 \u2013 Universit\u00e9 de Franche-Comt\u00e9,\u00a0\u00a9 Conf\u00e9rence des pr\u00e9sidents d&rsquo;universit\u00e9 &#8211; Universit\u00e9 de Haute-Alsace,\u00a0\u00a9 Conf\u00e9rence des pr\u00e9sidents d&rsquo;universit\u00e9 &#8211; Universit\u00e9 Lumi\u00e8re Lyon 2,\u00a0\u00a9 Conf\u00e9rence des pr\u00e9sidents d&rsquo;universit\u00e9 \u2013 Universit\u00e9 de Lorraine,\u00a0\u00a9 Conf\u00e9rence des pr\u00e9sidents d&rsquo;universit\u00e9 \u2013 Universit\u00e9 de Bordeaux<\/li>\n<li>AdobeStock<\/li>\n<\/ul>\n<\/div><div class=\"fusion-clearfix\"><\/div><\/div><\/div><\/div><\/div>\n","protected":false},"excerpt":{"rendered":"","protected":false},"author":5,"featured_media":0,"parent":0,"menu_order":0,"comment_status":"closed","ping_status":"closed","template":"","meta":{"footnotes":""},"class_list":["post-213","page","type-page","status-publish","hentry"],"yoast_head":"<!-- This site is optimized with the Yoast SEO plugin v27.4 - https:\/\/yoast.com\/product\/yoast-seo-wordpress\/ -->\n<title>mentions l\u00e9gales - cl\u00e9sup&#039;<\/title>\n<meta name=\"robots\" content=\"index, follow, max-snippet:-1, max-image-preview:large, max-video-preview:-1\" \/>\n<link rel=\"canonical\" href=\"https:\/\/clesup.com\/index.php\/mentions-legales\/\" \/>\n<meta property=\"og:locale\" content=\"fr_FR\" \/>\n<meta property=\"og:type\" content=\"article\" \/>\n<meta property=\"og:title\" content=\"mentions l\u00e9gales - cl\u00e9sup&#039;\" \/>\n<meta property=\"og:url\" content=\"https:\/\/clesup.com\/index.php\/mentions-legales\/\" \/>\n<meta property=\"og:site_name\" content=\"cl\u00e9sup&#039;\" \/>\n<meta property=\"article:modified_time\" content=\"2020-06-01T09:11:56+00:00\" \/>\n<meta name=\"twitter:card\" content=\"summary_large_image\" \/>\n<meta name=\"twitter:label1\" content=\"Dur\u00e9e de lecture estim\u00e9e\" \/>\n\t<meta name=\"twitter:data1\" content=\"5 minutes\" \/>\n<script type=\"application\/ld+json\" class=\"yoast-schema-graph\">{\"@context\":\"https:\\\/\\\/schema.org\",\"@graph\":[{\"@type\":\"WebPage\",\"@id\":\"https:\\\/\\\/clesup.com\\\/index.php\\\/mentions-legales\\\/\",\"url\":\"https:\\\/\\\/clesup.com\\\/index.php\\\/mentions-legales\\\/\",\"name\":\"mentions l\u00e9gales - cl\u00e9sup&#039;\",\"isPartOf\":{\"@id\":\"https:\\\/\\\/clesup.com\\\/#website\"},\"datePublished\":\"2020-05-27T12:19:11+00:00\",\"dateModified\":\"2020-06-01T09:11:56+00:00\",\"breadcrumb\":{\"@id\":\"https:\\\/\\\/clesup.com\\\/index.php\\\/mentions-legales\\\/#breadcrumb\"},\"inLanguage\":\"fr-FR\",\"potentialAction\":[{\"@type\":\"ReadAction\",\"target\":[\"https:\\\/\\\/clesup.com\\\/index.php\\\/mentions-legales\\\/\"]}]},{\"@type\":\"BreadcrumbList\",\"@id\":\"https:\\\/\\\/clesup.com\\\/index.php\\\/mentions-legales\\\/#breadcrumb\",\"itemListElement\":[{\"@type\":\"ListItem\",\"position\":1,\"name\":\"Accueil\",\"item\":\"https:\\\/\\\/clesup.com\\\/\"},{\"@type\":\"ListItem\",\"position\":2,\"name\":\"mentions l\u00e9gales\"}]},{\"@type\":\"WebSite\",\"@id\":\"https:\\\/\\\/clesup.com\\\/#website\",\"url\":\"https:\\\/\\\/clesup.com\\\/\",\"name\":\"cl\u00e9sup&#039;\",\"description\":\"Cl\u00e9Sup&#039; est une agence qui accompagne les universit\u00e9s et les grandes \u00e9coles dans le d\u00e9veloppement du logement \u00e9tudiant\",\"potentialAction\":[{\"@type\":\"SearchAction\",\"target\":{\"@type\":\"EntryPoint\",\"urlTemplate\":\"https:\\\/\\\/clesup.com\\\/?s={search_term_string}\"},\"query-input\":{\"@type\":\"PropertyValueSpecification\",\"valueRequired\":true,\"valueName\":\"search_term_string\"}}],\"inLanguage\":\"fr-FR\"}]}<\/script>\n<!-- \/ Yoast SEO plugin. -->","yoast_head_json":{"title":"mentions l\u00e9gales - cl\u00e9sup&#039;","robots":{"index":"index","follow":"follow","max-snippet":"max-snippet:-1","max-image-preview":"max-image-preview:large","max-video-preview":"max-video-preview:-1"},"canonical":"https:\/\/clesup.com\/index.php\/mentions-legales\/","og_locale":"fr_FR","og_type":"article","og_title":"mentions l\u00e9gales - cl\u00e9sup&#039;","og_url":"https:\/\/clesup.com\/index.php\/mentions-legales\/","og_site_name":"cl\u00e9sup&#039;","article_modified_time":"2020-06-01T09:11:56+00:00","twitter_card":"summary_large_image","twitter_misc":{"Dur\u00e9e de lecture estim\u00e9e":"5 minutes"},"schema":{"@context":"https:\/\/schema.org","@graph":[{"@type":"WebPage","@id":"https:\/\/clesup.com\/index.php\/mentions-legales\/","url":"https:\/\/clesup.com\/index.php\/mentions-legales\/","name":"mentions l\u00e9gales - cl\u00e9sup&#039;","isPartOf":{"@id":"https:\/\/clesup.com\/#website"},"datePublished":"2020-05-27T12:19:11+00:00","dateModified":"2020-06-01T09:11:56+00:00","breadcrumb":{"@id":"https:\/\/clesup.com\/index.php\/mentions-legales\/#breadcrumb"},"inLanguage":"fr-FR","potentialAction":[{"@type":"ReadAction","target":["https:\/\/clesup.com\/index.php\/mentions-legales\/"]}]},{"@type":"BreadcrumbList","@id":"https:\/\/clesup.com\/index.php\/mentions-legales\/#breadcrumb","itemListElement":[{"@type":"ListItem","position":1,"name":"Accueil","item":"https:\/\/clesup.com\/"},{"@type":"ListItem","position":2,"name":"mentions l\u00e9gales"}]},{"@type":"WebSite","@id":"https:\/\/clesup.com\/#website","url":"https:\/\/clesup.com\/","name":"cl\u00e9sup&#039;","description":"Cl\u00e9Sup&#039; est une agence qui accompagne les universit\u00e9s et les grandes \u00e9coles dans le d\u00e9veloppement du logement \u00e9tudiant","potentialAction":[{"@type":"SearchAction","target":{"@type":"EntryPoint","urlTemplate":"https:\/\/clesup.com\/?s={search_term_string}"},"query-input":{"@type":"PropertyValueSpecification","valueRequired":true,"valueName":"search_term_string"}}],"inLanguage":"fr-FR"}]}},"_links":{"self":[{"href":"https:\/\/clesup.com\/index.php\/wp-json\/wp\/v2\/pages\/213","targetHints":{"allow":["GET"]}}],"collection":[{"href":"https:\/\/clesup.com\/index.php\/wp-json\/wp\/v2\/pages"}],"about":[{"href":"https:\/\/clesup.com\/index.php\/wp-json\/wp\/v2\/types\/page"}],"author":[{"embeddable":true,"href":"https:\/\/clesup.com\/index.php\/wp-json\/wp\/v2\/users\/5"}],"replies":[{"embeddable":true,"href":"https:\/\/clesup.com\/index.php\/wp-json\/wp\/v2\/comments?post=213"}],"version-history":[{"count":4,"href":"https:\/\/clesup.com\/index.php\/wp-json\/wp\/v2\/pages\/213\/revisions"}],"predecessor-version":[{"id":315,"href":"https:\/\/clesup.com\/index.php\/wp-json\/wp\/v2\/pages\/213\/revisions\/315"}],"wp:attachment":[{"href":"https:\/\/clesup.com\/index.php\/wp-json\/wp\/v2\/media?parent=213"}],"curies":[{"name":"wp","href":"https:\/\/api.w.org\/{rel}","templated":true}]}}