{"id":18,"date":"2020-05-17T20:28:44","date_gmt":"2020-05-17T18:28:44","guid":{"rendered":"https:\/\/www.clesup.com\/?page_id=18"},"modified":"2020-06-05T10:53:22","modified_gmt":"2020-06-05T08:53:22","slug":"equipe","status":"publish","type":"page","link":"https:\/\/clesup.com\/index.php\/equipe\/","title":{"rendered":"L&rsquo;\u00e9quipe"},"content":{"rendered":"<p><div class=\"fusion-fullwidth fullwidth-box fusion-builder-row-1 gradient-container-1 nonhundred-percent-fullwidth non-hundred-percent-height-scrolling\" style=\"--awb-border-radius-top-left:0px;--awb-border-radius-top-right:0px;--awb-border-radius-bottom-right:0px;--awb-border-radius-bottom-left:0px;--awb-flex-wrap:wrap;\" ><div class=\"fusion-builder-row fusion-row\"><div class=\"fusion-layout-column fusion_builder_column fusion-builder-column-0 fusion_builder_column_1_1 1_1 fusion-one-full fusion-column-first fusion-column-last\" style=\"--awb-bg-size:cover;--awb-margin-bottom:0px;\"><div class=\"fusion-column-wrapper fusion-flex-column-wrapper-legacy\"><div class=\"fusion-title title fusion-title-1 fusion-sep-none fusion-title-center fusion-title-highlight fusion-loop-off fusion-highlight-underline_zigzag fusion-title-size-three\" data-highlight=\"underline_zigzag\"><h3 class=\"fusion-title-heading title-heading-center\" style=\"margin:0;\"><span class=\"fusion-highlighted-text-prefix\"><\/span> <span class=\"fusion-highlighted-text-wrapper\"><span class=\"fusion-highlighted-text\">L'\u00e9quipe<\/span><\/span> <span class=\"fusion-highlighted-text-postfix\"><\/span><\/h3><\/div><div class=\"fusion-sep-clear\"><\/div><div class=\"fusion-separator fusion-full-width-sep\" style=\"margin-left: auto;margin-right: auto;margin-top:15px;margin-bottom:55px;width:100%;\"><\/div><div class=\"fusion-sep-clear\"><\/div><div class=\"fusion-clearfix\"><\/div><\/div><\/div><\/div><\/div><div class=\"fusion-fullwidth fullwidth-box fusion-builder-row-2 gradient-container-2 nonhundred-percent-fullwidth non-hundred-percent-height-scrolling\" style=\"--awb-border-radius-top-left:0px;--awb-border-radius-top-right:0px;--awb-border-radius-bottom-right:0px;--awb-border-radius-bottom-left:0px;--awb-flex-wrap:wrap;\" ><div class=\"fusion-builder-row fusion-row\"><div class=\"fusion-layout-column fusion_builder_column fusion-builder-column-1 fusion_builder_column_1_6 1_6 fusion-one-sixth fusion-column-first\" style=\"--awb-bg-size:cover;width:16.666666666667%;width:calc(16.666666666667% - ( ( 4% + 4% + 4% + 4% + 4% ) * 0.16666666666667 ) );margin-right: 4%;\"><div class=\"fusion-column-wrapper fusion-column-has-shadow fusion-flex-column-wrapper-legacy\"><div class=\"fusion-person person fusion-person-left fusion-person-1 fusion-person-icon-bottom\" style=\"--awb-pic-style-color:#000000;--awb-pic-borderradius:0px;--awb-margin-top:0px;--awb-margin-right:0px;--awb-margin-bottom:0px;--awb-margin-left:0px;--awb-social-box-border-top:0px;--awb-social-box-border-right:0px;--awb-social-box-border-bottom:0px;--awb-social-box-border-left:0px;--awb-social-box-border-color:var(--awb-color3);--awb-social-box-border-color-hover:var(--awb-color4);--awb-social-box-colors-hover:rgba(242,243,245,0.8);--awb-social-icon-boxed-colors:#f2f3f5;--awb-social-icon-colors:#9ea0a4;--awb-social-icon-colors-hover:rgba(158,160,164,0.8);\"><div class=\"person-shortcode-image-wrapper\"><div class=\"person-image-container hover-type-zoomin dropshadow\" style=\"border:5px solid #e2e2e2;-webkit-box-shadow: 3px 3px 7px rgba(0,0,0,0.3);box-shadow: 3px 3px 7px rgba(0,0,0,0.3);-webkit-border-radius:0px;-moz-border-radius:0px;border-radius:0px;\"><img decoding=\"async\" class=\"person-img img-responsive wp-image-251\" width=\"222\" height=\"281\" src=\"https:\/\/www.clesup.com\/wp-content\/uploads\/2020\/05\/batsch-1.png\" alt=\"Laurent Batsch\" srcset=\"https:\/\/clesup.com\/wp-content\/uploads\/2020\/05\/batsch-1-200x253.png 200w, https:\/\/clesup.com\/wp-content\/uploads\/2020\/05\/batsch-1.png 222w\" sizes=\"(max-width: 800px) 100vw, 200px\" \/><\/div><\/div><div class=\"person-desc\"><div class=\"person-author\"><div class=\"person-author-wrapper\"><span class=\"person-name\">Laurent Batsch<\/span><span class=\"person-title\"><\/span><\/div><\/div><div class=\"person-content fusion-clearfix\">Professeur de finance, fondateur du Master Management de l\u2019immobilier \u00e0 Paris-Dauphine, a d\u00e9velopp\u00e9 le logement \u00e9tudiant dans le cadre de ses fonctions de pr\u00e9sident d\u2019universit\u00e9 et de pr\u00e9sident de fondation partenariale.<\/div><div class=\"fusion-social-networks\"><div class=\"fusion-social-networks-wrapper\"><a class=\"fusion-social-network-icon fusion-tooltip fusion-linkedin awb-icon-linkedin custom\" aria-label=\"fusion-linkedin\" href=\"#\" target=\"_blank\" rel=\"noopener noreferrer\" style=\"color:#9ea0a4;font-size:16px;\" data-placement=\"top\" data-title=\"LinkedIn\" title=\"LinkedIn\" data-toggle=\"tooltip\"><\/a><a class=\"fusion-social-network-icon fusion-tooltip fusion-mail awb-icon-mail custom\" aria-label=\"fusion-mail\" href=\"mailto:la&#117;&#114;&#101;&#110;&#116;.&#098;&#097;t&#115;&#099;&#104;&#064;cl&#101;sup&#046;&#099;&#111;&#109;\" target=\"_self\" style=\"color:#9ea0a4;font-size:16px;\" data-placement=\"top\" data-title=\"Mail\" title=\"Mail\" data-toggle=\"tooltip\"><\/a><\/div><\/div><\/div><\/div><div class=\"fusion-clearfix\"><\/div><\/div><\/div><div class=\"fusion-layout-column fusion_builder_column fusion-builder-column-2 fusion_builder_column_1_6 1_6 fusion-one-sixth\" style=\"--awb-bg-size:cover;width:16.666666666667%;width:calc(16.666666666667% - ( ( 4% + 4% + 4% + 4% + 4% ) * 0.16666666666667 ) );margin-right: 4%;\"><div class=\"fusion-column-wrapper fusion-column-has-shadow fusion-flex-column-wrapper-legacy\"><div class=\"fusion-person person fusion-person-left fusion-person-2 fusion-person-icon-bottom\" style=\"--awb-pic-style-color:#000000;--awb-pic-borderradius:0px;--awb-margin-top:0px;--awb-margin-right:0px;--awb-margin-bottom:0px;--awb-margin-left:0px;--awb-social-box-border-top:0px;--awb-social-box-border-right:0px;--awb-social-box-border-bottom:0px;--awb-social-box-border-left:0px;--awb-social-box-border-color:var(--awb-color3);--awb-social-box-border-color-hover:var(--awb-color4);--awb-social-box-colors-hover:rgba(242,243,245,0.8);--awb-social-icon-boxed-colors:#f2f3f5;--awb-social-icon-colors:#9ea0a4;--awb-social-icon-colors-hover:rgba(158,160,164,0.8);\"><div class=\"person-shortcode-image-wrapper\"><div class=\"person-image-container hover-type-zoomin dropshadow\" style=\"border:5px solid #e2e2e2;-webkit-box-shadow: 3px 3px 7px rgba(0,0,0,0.3);box-shadow: 3px 3px 7px rgba(0,0,0,0.3);-webkit-border-radius:0px;-moz-border-radius:0px;border-radius:0px;\"><img decoding=\"async\" class=\"person-img img-responsive wp-image-296\" width=\"222\" height=\"281\" src=\"https:\/\/www.clesup.com\/wp-content\/uploads\/2020\/06\/campinchi.png\" alt=\"Philippe Campinchi\" srcset=\"https:\/\/clesup.com\/wp-content\/uploads\/2020\/06\/campinchi-200x253.png 200w, https:\/\/clesup.com\/wp-content\/uploads\/2020\/06\/campinchi.png 222w\" sizes=\"(max-width: 800px) 100vw, 200px\" \/><\/div><\/div><div class=\"person-desc\"><div class=\"person-author\"><div class=\"person-author-wrapper\"><span class=\"person-name\">Philippe Campinchi<\/span><span class=\"person-title\"><\/span><\/div><\/div><div class=\"person-content fusion-clearfix\">Consultant en <a href=\"www.temps-commun.fr\">relations sociales et institutionnelles<\/a>, Directeur de la publication <a href=\"www.universites-territoires.fr\">Universit\u00e9s &amp; Territoires<\/a>, D\u00e9l\u00e9gu\u00e9 G\u00e9n\u00e9ral de l\u2019Association interprofessionnelles des r\u00e9sidences pour \u00e9tudiants et services (<a href=\"http:\/\/www.aires.fr\">AIRES<\/a>), co-fondateur des <a href=\"www.rdvle.com\">RDVLE<\/a><\/div><div class=\"fusion-social-networks\"><div class=\"fusion-social-networks-wrapper\"><a class=\"fusion-social-network-icon fusion-tooltip fusion-linkedin awb-icon-linkedin custom\" aria-label=\"fusion-linkedin\" href=\"#\" target=\"_blank\" rel=\"noopener noreferrer\" style=\"color:#9ea0a4;font-size:16px;\" data-placement=\"top\" data-title=\"LinkedIn\" title=\"LinkedIn\" data-toggle=\"tooltip\"><\/a><a class=\"fusion-social-network-icon fusion-tooltip fusion-mail awb-icon-mail custom\" aria-label=\"fusion-mail\" href=\"mailto:laur&#101;n&#116;&#046;&#098;ats&#099;&#104;&#064;c&#108;&#101;su&#112;&#046;&#099;om\" target=\"_self\" style=\"color:#9ea0a4;font-size:16px;\" data-placement=\"top\" data-title=\"Mail\" title=\"Mail\" data-toggle=\"tooltip\"><\/a><\/div><\/div><\/div><\/div><div class=\"fusion-clearfix\"><\/div><\/div><\/div><div class=\"fusion-layout-column fusion_builder_column fusion-builder-column-3 fusion_builder_column_1_6 1_6 fusion-one-sixth\" style=\"--awb-bg-size:cover;width:16.666666666667%;width:calc(16.666666666667% - ( ( 4% + 4% + 4% + 4% + 4% ) * 0.16666666666667 ) );margin-right: 4%;\"><div class=\"fusion-column-wrapper fusion-column-has-shadow fusion-flex-column-wrapper-legacy\"><div class=\"fusion-person person fusion-person-left fusion-person-3 fusion-person-icon-bottom\" style=\"--awb-pic-style-color:#000000;--awb-pic-borderradius:0px;--awb-margin-top:0px;--awb-margin-right:0px;--awb-margin-bottom:0px;--awb-margin-left:0px;--awb-social-box-border-top:0px;--awb-social-box-border-right:0px;--awb-social-box-border-bottom:0px;--awb-social-box-border-left:0px;--awb-social-box-border-color:var(--awb-color3);--awb-social-box-border-color-hover:var(--awb-color4);--awb-social-box-colors-hover:rgba(242,243,245,0.8);--awb-social-icon-boxed-colors:#f2f3f5;--awb-social-icon-colors:#9ea0a4;--awb-social-icon-colors-hover:rgba(158,160,164,0.8);\"><div class=\"person-shortcode-image-wrapper\"><div class=\"person-image-container hover-type-zoomin dropshadow\" style=\"border:5px solid #e2e2e2;-webkit-box-shadow: 3px 3px 7px rgba(0,0,0,0.3);box-shadow: 3px 3px 7px rgba(0,0,0,0.3);-webkit-border-radius:0px;-moz-border-radius:0px;border-radius:0px;\"><img decoding=\"async\" class=\"person-img img-responsive wp-image-25\" width=\"222\" height=\"281\" src=\"https:\/\/www.clesup.com\/wp-content\/uploads\/2020\/05\/delesque.png\" alt=\"Nicolas Delesque\" \/><\/div><\/div><div class=\"person-desc\"><div class=\"person-author\"><div class=\"person-author-wrapper\"><span class=\"person-name\">Nicolas Delesque<\/span><span class=\"person-title\"><\/span><\/div><\/div><div class=\"person-content fusion-clearfix\">Directeur de la R\u00e9daction d\u2019Universit\u00e9s &amp; Territoires, D\u00e9l\u00e9gu\u00e9 G\u00e9n\u00e9ral des RDV du logement \u00e9tudiant, fondateur des KAPS, consultant sp\u00e9cialis\u00e9 dans le logement \u00e9tudiant pour les bailleurs sociaux et les collectivit\u00e9s locales.<\/div><div class=\"fusion-social-networks\"><div class=\"fusion-social-networks-wrapper\"><a class=\"fusion-social-network-icon fusion-tooltip fusion-linkedin awb-icon-linkedin custom\" aria-label=\"fusion-linkedin\" href=\"#\" target=\"_blank\" rel=\"noopener noreferrer\" style=\"color:#9ea0a4;font-size:16px;\" data-placement=\"top\" data-title=\"LinkedIn\" title=\"LinkedIn\" data-toggle=\"tooltip\"><\/a><a class=\"fusion-social-network-icon fusion-tooltip fusion-mail awb-icon-mail custom\" aria-label=\"fusion-mail\" href=\"mailto:la&#117;r&#101;n&#116;.&#098;&#097;&#116;&#115;&#099;&#104;&#064;&#099;le&#115;&#117;&#112;.co&#109;\" target=\"_self\" style=\"color:#9ea0a4;font-size:16px;\" data-placement=\"top\" data-title=\"Mail\" title=\"Mail\" data-toggle=\"tooltip\"><\/a><\/div><\/div><\/div><\/div><div class=\"fusion-clearfix\"><\/div><\/div><\/div><div class=\"fusion-layout-column fusion_builder_column fusion-builder-column-4 fusion_builder_column_1_6 1_6 fusion-one-sixth\" style=\"--awb-bg-size:cover;width:16.666666666667%;width:calc(16.666666666667% - ( ( 4% + 4% + 4% + 4% + 4% ) * 0.16666666666667 ) );margin-right: 4%;\"><div class=\"fusion-column-wrapper fusion-column-has-shadow fusion-flex-column-wrapper-legacy\"><div class=\"fusion-person person fusion-person-left fusion-person-4 fusion-person-icon-bottom\" style=\"--awb-pic-style-color:#000000;--awb-pic-borderradius:0px;--awb-margin-top:0px;--awb-margin-right:0px;--awb-margin-bottom:0px;--awb-margin-left:0px;--awb-social-box-border-top:0px;--awb-social-box-border-right:0px;--awb-social-box-border-bottom:0px;--awb-social-box-border-left:0px;--awb-social-box-border-color:var(--awb-color3);--awb-social-box-border-color-hover:var(--awb-color4);--awb-social-box-colors-hover:rgba(242,243,245,0.8);--awb-social-icon-boxed-colors:#f2f3f5;--awb-social-icon-colors:#9ea0a4;--awb-social-icon-colors-hover:rgba(158,160,164,0.8);\"><div class=\"person-shortcode-image-wrapper\"><div class=\"person-image-container hover-type-zoomin dropshadow\" style=\"border:5px solid #e2e2e2;-webkit-box-shadow: 3px 3px 7px rgba(0,0,0,0.3);box-shadow: 3px 3px 7px rgba(0,0,0,0.3);-webkit-border-radius:0px;-moz-border-radius:0px;border-radius:0px;\"><img decoding=\"async\" class=\"person-img img-responsive wp-image-325\" width=\"222\" height=\"281\" src=\"https:\/\/www.clesup.com\/wp-content\/uploads\/2020\/06\/cdubois.png\" alt=\"C\u00e9cile Dubois\" srcset=\"https:\/\/clesup.com\/wp-content\/uploads\/2020\/06\/cdubois-200x253.png 200w, https:\/\/clesup.com\/wp-content\/uploads\/2020\/06\/cdubois.png 222w\" sizes=\"(max-width: 800px) 100vw, 200px\" \/><\/div><\/div><div class=\"person-desc\"><div class=\"person-author\"><div class=\"person-author-wrapper\"><span class=\"person-name\">C\u00e9cile Dubois<\/span><span class=\"person-title\"><\/span><\/div><\/div><div class=\"person-content fusion-clearfix\">Expert immobilier, FRICS, REV, Cis HypZert (MLV), sp\u00e9cialiste des r\u00e9sidences g\u00e9r\u00e9es. Elle enseigne \u00e0 Financia Business School, \u00e0 Dauphine, \u00e0 l\u2019ESTP et \u00e0 l\u2019ENSMI.<\/div><div class=\"fusion-social-networks\"><div class=\"fusion-social-networks-wrapper\"><a class=\"fusion-social-network-icon fusion-tooltip fusion-linkedin awb-icon-linkedin custom\" aria-label=\"fusion-linkedin\" href=\"#\" target=\"_blank\" rel=\"noopener noreferrer\" style=\"color:#9ea0a4;font-size:16px;\" data-placement=\"top\" data-title=\"LinkedIn\" title=\"LinkedIn\" data-toggle=\"tooltip\"><\/a><a class=\"fusion-social-network-icon fusion-tooltip fusion-mail awb-icon-mail custom\" aria-label=\"fusion-mail\" href=\"mailto:&#108;&#097;&#117;r&#101;nt&#046;b&#097;t&#115;c&#104;&#064;&#099;&#108;e&#115;up.c&#111;&#109;\" target=\"_self\" style=\"color:#9ea0a4;font-size:16px;\" data-placement=\"top\" data-title=\"Mail\" title=\"Mail\" data-toggle=\"tooltip\"><\/a><\/div><\/div><\/div><\/div><div class=\"fusion-clearfix\"><\/div><\/div><\/div><div class=\"fusion-layout-column fusion_builder_column fusion-builder-column-5 fusion_builder_column_1_6 1_6 fusion-one-sixth\" style=\"--awb-bg-size:cover;width:16.666666666667%;width:calc(16.666666666667% - ( ( 4% + 4% + 4% + 4% + 4% ) * 0.16666666666667 ) );margin-right: 4%;\"><div class=\"fusion-column-wrapper fusion-column-has-shadow fusion-flex-column-wrapper-legacy\"><div class=\"fusion-person person fusion-person-left fusion-person-5 fusion-person-icon-bottom\" style=\"--awb-pic-style-color:#000000;--awb-pic-borderradius:0px;--awb-margin-top:0px;--awb-margin-right:0px;--awb-margin-bottom:0px;--awb-margin-left:0px;--awb-social-box-border-top:0px;--awb-social-box-border-right:0px;--awb-social-box-border-bottom:0px;--awb-social-box-border-left:0px;--awb-social-box-border-color:var(--awb-color3);--awb-social-box-border-color-hover:var(--awb-color4);--awb-social-box-colors-hover:rgba(242,243,245,0.8);--awb-social-icon-boxed-colors:#f2f3f5;--awb-social-icon-colors:#9ea0a4;--awb-social-icon-colors-hover:rgba(158,160,164,0.8);\"><div class=\"person-shortcode-image-wrapper\"><div class=\"person-image-container hover-type-zoomin dropshadow\" style=\"border:5px solid #e2e2e2;-webkit-box-shadow: 3px 3px 7px rgba(0,0,0,0.3);box-shadow: 3px 3px 7px rgba(0,0,0,0.3);-webkit-border-radius:0px;-moz-border-radius:0px;border-radius:0px;\"><img decoding=\"async\" class=\"person-img img-responsive wp-image-297\" width=\"222\" height=\"281\" src=\"https:\/\/www.clesup.com\/wp-content\/uploads\/2020\/06\/vincent_nb.png\" alt=\"Vincent Dubois\" srcset=\"https:\/\/clesup.com\/wp-content\/uploads\/2020\/06\/vincent_nb-200x253.png 200w, https:\/\/clesup.com\/wp-content\/uploads\/2020\/06\/vincent_nb.png 222w\" sizes=\"(max-width: 800px) 100vw, 200px\" \/><\/div><\/div><div class=\"person-desc\"><div class=\"person-author\"><div class=\"person-author-wrapper\"><span class=\"person-name\">Vincent Dubois<\/span><span class=\"person-title\"><\/span><\/div><\/div><div class=\"person-content fusion-clearfix\">Ing\u00e9nieur ESTP, dipl\u00f4m\u00e9 du Master Management de l\u2019immobilier, est gestionnaire d\u2019actifs et assistant \u00e0 ma\u00eetrise d\u2019ouvrage en particulier dans le domaine des r\u00e9sidences g\u00e9r\u00e9es (r\u00e9sidences \u00e9tudiantes et s\u00e9niors).<\/div><div class=\"fusion-social-networks\"><div class=\"fusion-social-networks-wrapper\"><a class=\"fusion-social-network-icon fusion-tooltip fusion-linkedin awb-icon-linkedin custom\" aria-label=\"fusion-linkedin\" href=\"#\" target=\"_blank\" rel=\"noopener noreferrer\" style=\"color:#9ea0a4;font-size:16px;\" data-placement=\"top\" data-title=\"LinkedIn\" title=\"LinkedIn\" data-toggle=\"tooltip\"><\/a><a class=\"fusion-social-network-icon fusion-tooltip fusion-mail awb-icon-mail custom\" aria-label=\"fusion-mail\" href=\"mailto:&#108;au&#114;ent.&#098;a&#116;s&#099;&#104;&#064;&#099;l&#101;&#115;&#117;&#112;&#046;co&#109;\" target=\"_self\" style=\"color:#9ea0a4;font-size:16px;\" data-placement=\"top\" data-title=\"Mail\" title=\"Mail\" data-toggle=\"tooltip\"><\/a><\/div><\/div><\/div><\/div><div class=\"fusion-clearfix\"><\/div><\/div><\/div><div class=\"fusion-layout-column fusion_builder_column fusion-builder-column-6 fusion_builder_column_1_6 1_6 fusion-one-sixth fusion-column-last\" style=\"--awb-bg-size:cover;width:16.666666666667%;width:calc(16.666666666667% - ( ( 4% + 4% + 4% + 4% + 4% ) * 0.16666666666667 ) );\"><div class=\"fusion-column-wrapper fusion-column-has-shadow fusion-flex-column-wrapper-legacy\"><div class=\"fusion-person person fusion-person-left fusion-person-6 fusion-person-icon-bottom\" style=\"--awb-pic-style-color:#000000;--awb-pic-borderradius:0px;--awb-margin-top:0px;--awb-margin-right:0px;--awb-margin-bottom:0px;--awb-margin-left:0px;--awb-social-box-border-top:0px;--awb-social-box-border-right:0px;--awb-social-box-border-bottom:0px;--awb-social-box-border-left:0px;--awb-social-box-border-color:var(--awb-color3);--awb-social-box-border-color-hover:var(--awb-color4);--awb-social-box-colors-hover:rgba(242,243,245,0.8);--awb-social-icon-boxed-colors:#f2f3f5;--awb-social-icon-colors:#9ea0a4;--awb-social-icon-colors-hover:rgba(158,160,164,0.8);\"><div class=\"person-shortcode-image-wrapper\"><div class=\"person-image-container hover-type-zoomin dropshadow\" style=\"border:5px solid #e2e2e2;-webkit-box-shadow: 3px 3px 7px rgba(0,0,0,0.3);box-shadow: 3px 3px 7px rgba(0,0,0,0.3);-webkit-border-radius:0px;-moz-border-radius:0px;border-radius:0px;\"><img decoding=\"async\" class=\"person-img img-responsive wp-image-326\" width=\"222\" height=\"281\" src=\"https:\/\/www.clesup.com\/wp-content\/uploads\/2020\/06\/stocker.png\" alt=\"Babette Stocker\" srcset=\"https:\/\/clesup.com\/wp-content\/uploads\/2020\/06\/stocker-200x253.png 200w, https:\/\/clesup.com\/wp-content\/uploads\/2020\/06\/stocker.png 222w\" sizes=\"(max-width: 800px) 100vw, 200px\" \/><\/div><\/div><div class=\"person-desc\"><div class=\"person-author\"><div class=\"person-author-wrapper\"><span class=\"person-name\">Babette Stocker<\/span><span class=\"person-title\"><\/span><\/div><\/div><div class=\"person-content fusion-clearfix\">Webdesigner titulaire d&rsquo;un DNSAP (Beaux-Arts de Paris) et du Master Multim\u00e9dia Hyperm\u00e9dia (Beaux-Arts de Paris et T\u00e9l\u00e9com Paris). Cr\u00e9e des sites internet depuis 1999.<\/div><div class=\"fusion-social-networks\"><div class=\"fusion-social-networks-wrapper\"><a class=\"fusion-social-network-icon fusion-tooltip fusion-linkedin awb-icon-linkedin custom\" aria-label=\"fusion-linkedin\" href=\"#\" target=\"_blank\" rel=\"noopener noreferrer\" style=\"color:#9ea0a4;font-size:16px;\" data-placement=\"top\" data-title=\"LinkedIn\" title=\"LinkedIn\" data-toggle=\"tooltip\"><\/a><a class=\"fusion-social-network-icon fusion-tooltip fusion-mail awb-icon-mail custom\" aria-label=\"fusion-mail\" href=\"mailto:lau&#114;e&#110;&#116;&#046;&#098;a&#116;sch&#064;&#099;&#108;&#101;&#115;u&#112;&#046;&#099;&#111;&#109;\" target=\"_self\" style=\"color:#9ea0a4;font-size:16px;\" data-placement=\"top\" data-title=\"Mail\" title=\"Mail\" data-toggle=\"tooltip\"><\/a><\/div><\/div><\/div><\/div><div class=\"fusion-clearfix\"><\/div><\/div><\/div><\/div><\/div><\/p>\n","protected":false},"excerpt":{"rendered":"","protected":false},"author":5,"featured_media":0,"parent":0,"menu_order":0,"comment_status":"closed","ping_status":"closed","template":"","meta":{"footnotes":""},"class_list":["post-18","page","type-page","status-publish","hentry"],"yoast_head":"<!-- This site is optimized with the Yoast SEO plugin v27.4 - https:\/\/yoast.com\/product\/yoast-seo-wordpress\/ -->\n<title>L&#039;\u00e9quipe - cl\u00e9sup&#039;<\/title>\n<meta name=\"robots\" content=\"index, follow, max-snippet:-1, max-image-preview:large, max-video-preview:-1\" \/>\n<link rel=\"canonical\" href=\"https:\/\/clesup.com\/index.php\/equipe\/\" \/>\n<meta property=\"og:locale\" content=\"fr_FR\" \/>\n<meta property=\"og:type\" content=\"article\" \/>\n<meta property=\"og:title\" content=\"L&#039;\u00e9quipe - cl\u00e9sup&#039;\" \/>\n<meta property=\"og:url\" content=\"https:\/\/clesup.com\/index.php\/equipe\/\" \/>\n<meta property=\"og:site_name\" content=\"cl\u00e9sup&#039;\" \/>\n<meta property=\"article:modified_time\" content=\"2020-06-05T08:53:22+00:00\" \/>\n<meta name=\"twitter:card\" content=\"summary_large_image\" \/>\n<meta name=\"twitter:label1\" content=\"Dur\u00e9e de lecture estim\u00e9e\" \/>\n\t<meta name=\"twitter:data1\" content=\"12 minutes\" \/>\n<script type=\"application\/ld+json\" class=\"yoast-schema-graph\">{\"@context\":\"https:\\\/\\\/schema.org\",\"@graph\":[{\"@type\":\"WebPage\",\"@id\":\"https:\\\/\\\/clesup.com\\\/index.php\\\/equipe\\\/\",\"url\":\"https:\\\/\\\/clesup.com\\\/index.php\\\/equipe\\\/\",\"name\":\"L'\u00e9quipe - cl\u00e9sup&#039;\",\"isPartOf\":{\"@id\":\"https:\\\/\\\/clesup.com\\\/#website\"},\"datePublished\":\"2020-05-17T18:28:44+00:00\",\"dateModified\":\"2020-06-05T08:53:22+00:00\",\"breadcrumb\":{\"@id\":\"https:\\\/\\\/clesup.com\\\/index.php\\\/equipe\\\/#breadcrumb\"},\"inLanguage\":\"fr-FR\",\"potentialAction\":[{\"@type\":\"ReadAction\",\"target\":[\"https:\\\/\\\/clesup.com\\\/index.php\\\/equipe\\\/\"]}]},{\"@type\":\"BreadcrumbList\",\"@id\":\"https:\\\/\\\/clesup.com\\\/index.php\\\/equipe\\\/#breadcrumb\",\"itemListElement\":[{\"@type\":\"ListItem\",\"position\":1,\"name\":\"Accueil\",\"item\":\"https:\\\/\\\/clesup.com\\\/\"},{\"@type\":\"ListItem\",\"position\":2,\"name\":\"L&rsquo;\u00e9quipe\"}]},{\"@type\":\"WebSite\",\"@id\":\"https:\\\/\\\/clesup.com\\\/#website\",\"url\":\"https:\\\/\\\/clesup.com\\\/\",\"name\":\"cl\u00e9sup&#039;\",\"description\":\"Cl\u00e9Sup&#039; est une agence qui accompagne les universit\u00e9s et les grandes \u00e9coles dans le d\u00e9veloppement du logement \u00e9tudiant\",\"potentialAction\":[{\"@type\":\"SearchAction\",\"target\":{\"@type\":\"EntryPoint\",\"urlTemplate\":\"https:\\\/\\\/clesup.com\\\/?s={search_term_string}\"},\"query-input\":{\"@type\":\"PropertyValueSpecification\",\"valueRequired\":true,\"valueName\":\"search_term_string\"}}],\"inLanguage\":\"fr-FR\"}]}<\/script>\n<!-- \/ Yoast SEO plugin. -->","yoast_head_json":{"title":"L'\u00e9quipe - cl\u00e9sup&#039;","robots":{"index":"index","follow":"follow","max-snippet":"max-snippet:-1","max-image-preview":"max-image-preview:large","max-video-preview":"max-video-preview:-1"},"canonical":"https:\/\/clesup.com\/index.php\/equipe\/","og_locale":"fr_FR","og_type":"article","og_title":"L'\u00e9quipe - cl\u00e9sup&#039;","og_url":"https:\/\/clesup.com\/index.php\/equipe\/","og_site_name":"cl\u00e9sup&#039;","article_modified_time":"2020-06-05T08:53:22+00:00","twitter_card":"summary_large_image","twitter_misc":{"Dur\u00e9e de lecture estim\u00e9e":"12 minutes"},"schema":{"@context":"https:\/\/schema.org","@graph":[{"@type":"WebPage","@id":"https:\/\/clesup.com\/index.php\/equipe\/","url":"https:\/\/clesup.com\/index.php\/equipe\/","name":"L'\u00e9quipe - cl\u00e9sup&#039;","isPartOf":{"@id":"https:\/\/clesup.com\/#website"},"datePublished":"2020-05-17T18:28:44+00:00","dateModified":"2020-06-05T08:53:22+00:00","breadcrumb":{"@id":"https:\/\/clesup.com\/index.php\/equipe\/#breadcrumb"},"inLanguage":"fr-FR","potentialAction":[{"@type":"ReadAction","target":["https:\/\/clesup.com\/index.php\/equipe\/"]}]},{"@type":"BreadcrumbList","@id":"https:\/\/clesup.com\/index.php\/equipe\/#breadcrumb","itemListElement":[{"@type":"ListItem","position":1,"name":"Accueil","item":"https:\/\/clesup.com\/"},{"@type":"ListItem","position":2,"name":"L&rsquo;\u00e9quipe"}]},{"@type":"WebSite","@id":"https:\/\/clesup.com\/#website","url":"https:\/\/clesup.com\/","name":"cl\u00e9sup&#039;","description":"Cl\u00e9Sup&#039; est une agence qui accompagne les universit\u00e9s et les grandes \u00e9coles dans le d\u00e9veloppement du logement \u00e9tudiant","potentialAction":[{"@type":"SearchAction","target":{"@type":"EntryPoint","urlTemplate":"https:\/\/clesup.com\/?s={search_term_string}"},"query-input":{"@type":"PropertyValueSpecification","valueRequired":true,"valueName":"search_term_string"}}],"inLanguage":"fr-FR"}]}},"_links":{"self":[{"href":"https:\/\/clesup.com\/index.php\/wp-json\/wp\/v2\/pages\/18","targetHints":{"allow":["GET"]}}],"collection":[{"href":"https:\/\/clesup.com\/index.php\/wp-json\/wp\/v2\/pages"}],"about":[{"href":"https:\/\/clesup.com\/index.php\/wp-json\/wp\/v2\/types\/page"}],"author":[{"embeddable":true,"href":"https:\/\/clesup.com\/index.php\/wp-json\/wp\/v2\/users\/5"}],"replies":[{"embeddable":true,"href":"https:\/\/clesup.com\/index.php\/wp-json\/wp\/v2\/comments?post=18"}],"version-history":[{"count":37,"href":"https:\/\/clesup.com\/index.php\/wp-json\/wp\/v2\/pages\/18\/revisions"}],"predecessor-version":[{"id":331,"href":"https:\/\/clesup.com\/index.php\/wp-json\/wp\/v2\/pages\/18\/revisions\/331"}],"wp:attachment":[{"href":"https:\/\/clesup.com\/index.php\/wp-json\/wp\/v2\/media?parent=18"}],"curies":[{"name":"wp","href":"https:\/\/api.w.org\/{rel}","templated":true}]}}