{"id":148,"date":"2020-05-25T15:36:12","date_gmt":"2020-05-25T13:36:12","guid":{"rendered":"https:\/\/www.clesup.com\/?page_id=148"},"modified":"2020-06-12T10:49:03","modified_gmt":"2020-06-12T08:49:03","slug":"le-pre-diagnostic","status":"publish","type":"page","link":"https:\/\/clesup.com\/index.php\/le-pre-diagnostic\/","title":{"rendered":"Le pr\u00e9-diagnostic"},"content":{"rendered":"<div class=\"fusion-fullwidth fullwidth-box fusion-builder-row-1 gradient-container-1 nonhundred-percent-fullwidth non-hundred-percent-height-scrolling\" style=\"--awb-border-radius-top-left:0px;--awb-border-radius-top-right:0px;--awb-border-radius-bottom-right:0px;--awb-border-radius-bottom-left:0px;--awb-flex-wrap:wrap;\" ><div class=\"fusion-builder-row fusion-row\"><div class=\"fusion-layout-column fusion_builder_column fusion-builder-column-0 fusion_builder_column_1_1 1_1 fusion-one-full fusion-column-first fusion-column-last\" style=\"--awb-bg-size:cover;\"><div class=\"fusion-column-wrapper fusion-column-has-shadow fusion-flex-column-wrapper-legacy\"><div class=\"fusion-title title fusion-title-1 fusion-sep-none fusion-title-center fusion-title-highlight fusion-loop-on fusion-highlight-underline_zigzag fusion-title-size-three\" data-highlight=\"underline_zigzag\"><h3 class=\"fusion-title-heading title-heading-center\" style=\"margin:0;\"><span class=\"fusion-highlighted-text-prefix\"><\/span> <span class=\"fusion-highlighted-text-wrapper\"><span class=\"fusion-highlighted-text\">Le Pr\u00e9-diagnostic<\/span><\/span> <span class=\"fusion-highlighted-text-postfix\"><\/span><\/h3><\/div><div class=\"fusion-sep-clear\"><\/div><div class=\"fusion-separator fusion-full-width-sep\" style=\"margin-left: auto;margin-right: auto;margin-top:15px;margin-bottom:55px;width:100%;\"><\/div><div class=\"fusion-sep-clear\"><\/div><div class=\"fusion-text fusion-text-1\"><p><b>Un pr\u00e9-diagnostic sur-mesure pour lancer l\u2019\u00e9laboration de votre projet<\/b><\/p>\n<p>Il consiste \u00e0 d\u00e9finir, avec la direction de l\u2019\u00e9tablissement et ses services, les opportunit\u00e9s de d\u00e9veloppement d\u2019une offre de logement d\u00e9di\u00e9e \u00e0 l\u2019accueil de vos \u00e9tudiants.<\/p>\n<p>Ce pr\u00e9-diagnostic doit offrir aux instances de l\u2019\u00e9tablissement une aide \u00e0 la d\u00e9cision, formul\u00e9e en termes clairs et concrets, en vue de leurs d\u00e9lib\u00e9rations.<span class=\"Apple-converted-space\">\u00a0<\/span><\/p>\n<p>Au terme d\u2019un travail d\u2019analyse de l\u2019environnement territorial et institutionnel, incluant les \u00e9changes avec la pr\u00e9sidence et les \u00e9quipes, nous livrons une \u00e9tude qui, partant des besoins, pr\u00e9sente les opportunit\u00e9s de d\u00e9veloppement et leurs conditions de r\u00e9alisation.<\/p>\n<\/div><div class=\"fusion-content-boxes content-boxes columns row fusion-columns-1 fusion-columns-total-1 fusion-content-boxes-1 content-boxes-clean-horizontal content-left content-boxes-icon-on-side\" style=\"--awb-body-color:#ffffff;--awb-title-color:#ffffff;--awb-hover-accent-color:#ffffff;--awb-circle-hover-accent-color:#ffffff;--awb-item-margin-bottom:40px;\" data-animationOffset=\"top-into-view\"><div style=\"--awb-backgroundcolor:#ff9800;--awb-content-padding-left:64px;border-color:rgba(255,255,255,0);\" class=\"fusion-column content-box-column content-box-column content-box-column-1 col-lg-12 col-md-12 col-sm-12 fusion-content-box-hover content-box-column-last content-box-column-last-in-row\"><div class=\"col content-box-wrapper content-wrapper-background link-area-link-icon content-icon-wrapper-yes icon-hover-animation-fade\" data-animationOffset=\"top-into-view\"><div class=\"heading heading-with-icon icon-left\"><div class=\"icon\"><span style=\"height:42px;width:42px;line-height:22px;border-color:rgba(255,255,255,0);border-width:1px;border-style:solid;background-color:#212934;margin-right:20px;box-sizing:content-box;border-radius:50%;\"><i style=\"border-color:#212934;border-width:1px;background-color:#212934;box-sizing:content-box;height:40px;width:40px;line-height:40px;border-radius:50%;position:relative;top:auto;left:auto;margin:0;border-radius:50%;font-size:20px;\" aria-hidden=\"true\" class=\"fontawesome-icon fa-microscope fas circle-yes\"><\/i><\/span><\/div><h2 class=\"content-box-heading\" style=\"--h2_typography-font-size:24px;line-height:29px;padding-left:64px;\">Pr\u00e9-diagnostic<\/h2><\/div><div class=\"fusion-clearfix\"><\/div><div class=\"content-container\">\n<ul style=\"--awb-iconcolor:#ff9800;--awb-line-height:27.2px;--awb-icon-width:27.2px;--awb-icon-height:27.2px;--awb-icon-margin:11.2px;--awb-content-margin:38.4px;--awb-circlecolor:#ffffff;--awb-circle-yes-font-size:14.08px;\" class=\"fusion-checklist fusion-checklist-1 fusion-checklist-default type-icons\"><li class=\"fusion-li-item\" style=\"\"><span class=\"icon-wrapper circle-yes\"><i class=\"fusion-li-icon fa-chevron-circle-right fas\" aria-hidden=\"true\"><\/i><\/span><div class=\"fusion-li-item-content\">Etat de l\u2019offre de logements \u00e9tudiants existante aux environs\u00a0;<\/div><\/li><\/ul>\n<ul style=\"--awb-iconcolor:#ff9800;--awb-line-height:27.2px;--awb-icon-width:27.2px;--awb-icon-height:27.2px;--awb-icon-margin:11.2px;--awb-content-margin:38.4px;--awb-circlecolor:#ffffff;--awb-circle-yes-font-size:14.08px;\" class=\"fusion-checklist fusion-checklist-2 fusion-checklist-default type-icons\"><li class=\"fusion-li-item\" style=\"\"><span class=\"icon-wrapper circle-yes\"><i class=\"fusion-li-icon fa-chevron-circle-right fas\" aria-hidden=\"true\"><\/i><\/span><div class=\"fusion-li-item-content\">\u00c9tude de march\u00e9, loyers pratiqu\u00e9s, comparatif priv\u00e9 \/ social, taux d\u2019occupation, \u2026\u00a0;<\/div><\/li><\/ul>\n<ul style=\"--awb-iconcolor:#ff9800;--awb-line-height:27.2px;--awb-icon-width:27.2px;--awb-icon-height:27.2px;--awb-icon-margin:11.2px;--awb-content-margin:38.4px;--awb-circlecolor:#ffffff;--awb-circle-yes-font-size:14.08px;\" class=\"fusion-checklist fusion-checklist-3 fusion-checklist-default type-icons\"><li class=\"fusion-li-item\" style=\"\"><span class=\"icon-wrapper circle-yes\"><i class=\"fusion-li-icon fa-chevron-circle-right fas\" aria-hidden=\"true\"><\/i><\/span><div class=\"fusion-li-item-content\">Analyse de l\u2019environnement institutionnel, identification des partenaires potentiels (collectivit\u00e9s, CROUS, bailleurs sociaux, op\u00e9rateurs priv\u00e9s)\u00a0;<\/div><\/li><\/ul>\n<ul style=\"--awb-iconcolor:#ff9800;--awb-line-height:27.2px;--awb-icon-width:27.2px;--awb-icon-height:27.2px;--awb-icon-margin:11.2px;--awb-content-margin:38.4px;--awb-circlecolor:#ffffff;--awb-circle-yes-font-size:14.08px;\" class=\"fusion-checklist fusion-checklist-4 fusion-checklist-default type-icons\"><li class=\"fusion-li-item\" style=\"\"><span class=\"icon-wrapper circle-yes\"><i class=\"fusion-li-icon fa-chevron-circle-right fas\" aria-hidden=\"true\"><\/i><\/span><div class=\"fusion-li-item-content\">Premi\u00e8re approche \u00e9conomique, financements potentiels, outils disponibles\u00a0;<\/div><\/li><\/ul>\n<ul style=\"--awb-iconcolor:#ff9800;--awb-line-height:27.2px;--awb-icon-width:27.2px;--awb-icon-height:27.2px;--awb-icon-margin:11.2px;--awb-content-margin:38.4px;--awb-circlecolor:#ffffff;--awb-circle-yes-font-size:14.08px;\" class=\"fusion-checklist fusion-checklist-5 fusion-checklist-default type-icons\"><li class=\"fusion-li-item\" style=\"\"><span class=\"icon-wrapper circle-yes\"><i class=\"fusion-li-icon fa-chevron-circle-right fas\" aria-hidden=\"true\"><\/i><\/span><div class=\"fusion-li-item-content\">Plan d\u2019actions propos\u00e9 (cr\u00e9ation d\u2019un service logement, r\u00e9servation de logements, gestion des logements, valorisation du patrimoine, acquisition,\u2026).<\/div><\/li><\/ul>\n<\/div><\/div><\/div><div class=\"fusion-clearfix\"><\/div><\/div><div class=\"fusion-text fusion-text-2\"><p>Nous vous proposons une intervention rapide et au co\u00fbt limit\u00e9 de nature \u00e0 tr\u00e8s vite vous permettre d\u2019avancer ! \u2013 <strong>Prix 6.900 HT<\/strong><\/p>\n<\/div><div class=\"fusion-clearfix\"><\/div><\/div><\/div><\/div><\/div>\n","protected":false},"excerpt":{"rendered":"","protected":false},"author":5,"featured_media":0,"parent":0,"menu_order":0,"comment_status":"closed","ping_status":"closed","template":"","meta":{"footnotes":""},"class_list":["post-148","page","type-page","status-publish","hentry"],"yoast_head":"<!-- This site is optimized with the Yoast SEO plugin v27.4 - https:\/\/yoast.com\/product\/yoast-seo-wordpress\/ -->\n<title>Le pr\u00e9-diagnostic - cl\u00e9sup&#039;<\/title>\n<meta name=\"robots\" content=\"index, follow, max-snippet:-1, max-image-preview:large, max-video-preview:-1\" \/>\n<link rel=\"canonical\" href=\"https:\/\/clesup.com\/index.php\/le-pre-diagnostic\/\" \/>\n<meta property=\"og:locale\" content=\"fr_FR\" \/>\n<meta property=\"og:type\" content=\"article\" \/>\n<meta property=\"og:title\" content=\"Le pr\u00e9-diagnostic - cl\u00e9sup&#039;\" \/>\n<meta property=\"og:url\" content=\"https:\/\/clesup.com\/index.php\/le-pre-diagnostic\/\" \/>\n<meta property=\"og:site_name\" content=\"cl\u00e9sup&#039;\" \/>\n<meta property=\"article:modified_time\" content=\"2020-06-12T08:49:03+00:00\" \/>\n<meta name=\"twitter:card\" content=\"summary_large_image\" \/>\n<meta name=\"twitter:label1\" content=\"Dur\u00e9e de lecture estim\u00e9e\" \/>\n\t<meta name=\"twitter:data1\" content=\"5 minutes\" \/>\n<script type=\"application\/ld+json\" class=\"yoast-schema-graph\">{\"@context\":\"https:\\\/\\\/schema.org\",\"@graph\":[{\"@type\":\"WebPage\",\"@id\":\"https:\\\/\\\/clesup.com\\\/index.php\\\/le-pre-diagnostic\\\/\",\"url\":\"https:\\\/\\\/clesup.com\\\/index.php\\\/le-pre-diagnostic\\\/\",\"name\":\"Le pr\u00e9-diagnostic - cl\u00e9sup&#039;\",\"isPartOf\":{\"@id\":\"https:\\\/\\\/clesup.com\\\/#website\"},\"datePublished\":\"2020-05-25T13:36:12+00:00\",\"dateModified\":\"2020-06-12T08:49:03+00:00\",\"breadcrumb\":{\"@id\":\"https:\\\/\\\/clesup.com\\\/index.php\\\/le-pre-diagnostic\\\/#breadcrumb\"},\"inLanguage\":\"fr-FR\",\"potentialAction\":[{\"@type\":\"ReadAction\",\"target\":[\"https:\\\/\\\/clesup.com\\\/index.php\\\/le-pre-diagnostic\\\/\"]}]},{\"@type\":\"BreadcrumbList\",\"@id\":\"https:\\\/\\\/clesup.com\\\/index.php\\\/le-pre-diagnostic\\\/#breadcrumb\",\"itemListElement\":[{\"@type\":\"ListItem\",\"position\":1,\"name\":\"Accueil\",\"item\":\"https:\\\/\\\/clesup.com\\\/\"},{\"@type\":\"ListItem\",\"position\":2,\"name\":\"Le pr\u00e9-diagnostic\"}]},{\"@type\":\"WebSite\",\"@id\":\"https:\\\/\\\/clesup.com\\\/#website\",\"url\":\"https:\\\/\\\/clesup.com\\\/\",\"name\":\"cl\u00e9sup&#039;\",\"description\":\"Cl\u00e9Sup&#039; est une agence qui accompagne les universit\u00e9s et les grandes \u00e9coles dans le d\u00e9veloppement du logement \u00e9tudiant\",\"potentialAction\":[{\"@type\":\"SearchAction\",\"target\":{\"@type\":\"EntryPoint\",\"urlTemplate\":\"https:\\\/\\\/clesup.com\\\/?s={search_term_string}\"},\"query-input\":{\"@type\":\"PropertyValueSpecification\",\"valueRequired\":true,\"valueName\":\"search_term_string\"}}],\"inLanguage\":\"fr-FR\"}]}<\/script>\n<!-- \/ Yoast SEO plugin. -->","yoast_head_json":{"title":"Le pr\u00e9-diagnostic - cl\u00e9sup&#039;","robots":{"index":"index","follow":"follow","max-snippet":"max-snippet:-1","max-image-preview":"max-image-preview:large","max-video-preview":"max-video-preview:-1"},"canonical":"https:\/\/clesup.com\/index.php\/le-pre-diagnostic\/","og_locale":"fr_FR","og_type":"article","og_title":"Le pr\u00e9-diagnostic - cl\u00e9sup&#039;","og_url":"https:\/\/clesup.com\/index.php\/le-pre-diagnostic\/","og_site_name":"cl\u00e9sup&#039;","article_modified_time":"2020-06-12T08:49:03+00:00","twitter_card":"summary_large_image","twitter_misc":{"Dur\u00e9e de lecture estim\u00e9e":"5 minutes"},"schema":{"@context":"https:\/\/schema.org","@graph":[{"@type":"WebPage","@id":"https:\/\/clesup.com\/index.php\/le-pre-diagnostic\/","url":"https:\/\/clesup.com\/index.php\/le-pre-diagnostic\/","name":"Le pr\u00e9-diagnostic - cl\u00e9sup&#039;","isPartOf":{"@id":"https:\/\/clesup.com\/#website"},"datePublished":"2020-05-25T13:36:12+00:00","dateModified":"2020-06-12T08:49:03+00:00","breadcrumb":{"@id":"https:\/\/clesup.com\/index.php\/le-pre-diagnostic\/#breadcrumb"},"inLanguage":"fr-FR","potentialAction":[{"@type":"ReadAction","target":["https:\/\/clesup.com\/index.php\/le-pre-diagnostic\/"]}]},{"@type":"BreadcrumbList","@id":"https:\/\/clesup.com\/index.php\/le-pre-diagnostic\/#breadcrumb","itemListElement":[{"@type":"ListItem","position":1,"name":"Accueil","item":"https:\/\/clesup.com\/"},{"@type":"ListItem","position":2,"name":"Le pr\u00e9-diagnostic"}]},{"@type":"WebSite","@id":"https:\/\/clesup.com\/#website","url":"https:\/\/clesup.com\/","name":"cl\u00e9sup&#039;","description":"Cl\u00e9Sup&#039; est une agence qui accompagne les universit\u00e9s et les grandes \u00e9coles dans le d\u00e9veloppement du logement \u00e9tudiant","potentialAction":[{"@type":"SearchAction","target":{"@type":"EntryPoint","urlTemplate":"https:\/\/clesup.com\/?s={search_term_string}"},"query-input":{"@type":"PropertyValueSpecification","valueRequired":true,"valueName":"search_term_string"}}],"inLanguage":"fr-FR"}]}},"_links":{"self":[{"href":"https:\/\/clesup.com\/index.php\/wp-json\/wp\/v2\/pages\/148","targetHints":{"allow":["GET"]}}],"collection":[{"href":"https:\/\/clesup.com\/index.php\/wp-json\/wp\/v2\/pages"}],"about":[{"href":"https:\/\/clesup.com\/index.php\/wp-json\/wp\/v2\/types\/page"}],"author":[{"embeddable":true,"href":"https:\/\/clesup.com\/index.php\/wp-json\/wp\/v2\/users\/5"}],"replies":[{"embeddable":true,"href":"https:\/\/clesup.com\/index.php\/wp-json\/wp\/v2\/comments?post=148"}],"version-history":[{"count":14,"href":"https:\/\/clesup.com\/index.php\/wp-json\/wp\/v2\/pages\/148\/revisions"}],"predecessor-version":[{"id":336,"href":"https:\/\/clesup.com\/index.php\/wp-json\/wp\/v2\/pages\/148\/revisions\/336"}],"wp:attachment":[{"href":"https:\/\/clesup.com\/index.php\/wp-json\/wp\/v2\/media?parent=148"}],"curies":[{"name":"wp","href":"https:\/\/api.w.org\/{rel}","templated":true}]}}