{"id":10,"date":"2020-05-16T19:47:00","date_gmt":"2020-05-16T17:47:00","guid":{"rendered":"https:\/\/www.clesup.com\/?page_id=10"},"modified":"2021-04-08T11:32:51","modified_gmt":"2021-04-08T09:32:51","slug":"notre-mission","status":"publish","type":"page","link":"https:\/\/clesup.com\/index.php\/notre-mission\/","title":{"rendered":"Notre mission"},"content":{"rendered":"<p><div class=\"fusion-fullwidth fullwidth-box fusion-builder-row-1 gradient-container-1 nonhundred-percent-fullwidth non-hundred-percent-height-scrolling\" style=\"--awb-border-radius-top-left:0px;--awb-border-radius-top-right:0px;--awb-border-radius-bottom-right:0px;--awb-border-radius-bottom-left:0px;--awb-flex-wrap:wrap;\" ><div class=\"fusion-builder-row fusion-row\"><div class=\"fusion-layout-column fusion_builder_column fusion-builder-column-0 fusion_builder_column_1_1 1_1 fusion-one-full fusion-column-first fusion-column-last\" style=\"--awb-bg-size:cover;\"><div class=\"fusion-column-wrapper fusion-column-has-shadow fusion-flex-column-wrapper-legacy\"><div class=\"fusion-title title fusion-title-1 fusion-sep-none fusion-title-center fusion-title-highlight fusion-loop-off fusion-highlight-underline_zigzag fusion-title-size-three\" data-highlight=\"underline_zigzag\"><h3 class=\"fusion-title-heading title-heading-center\" style=\"margin:0;\"><span class=\"fusion-highlighted-text-prefix\"><\/span> <span class=\"fusion-highlighted-text-wrapper\"><span class=\"fusion-highlighted-text\">Notre mission<\/span><\/span> <span class=\"fusion-highlighted-text-postfix\"><\/span><\/h3><\/div><div class=\"fusion-clearfix\"><\/div><\/div><\/div><\/div><\/div><div class=\"fusion-fullwidth fullwidth-box fusion-builder-row-2 gradient-container-2 nonhundred-percent-fullwidth non-hundred-percent-height-scrolling\" style=\"--awb-border-radius-top-left:0px;--awb-border-radius-top-right:0px;--awb-border-radius-bottom-right:0px;--awb-border-radius-bottom-left:0px;--awb-flex-wrap:wrap;\" ><div class=\"fusion-builder-row fusion-row\"><div class=\"fusion-layout-column fusion_builder_column fusion-builder-column-1 fusion_builder_column_1_1 1_1 fusion-one-full fusion-column-first fusion-column-last\" style=\"--awb-bg-size:cover;\"><div class=\"fusion-column-wrapper fusion-column-has-shadow fusion-flex-column-wrapper-legacy\"><div class=\"fusion-text fusion-text-1\"><h5>Agir au plus pr\u00e8s de chaque universit\u00e9 ou \u00e9cole pour d\u00e9velopper le logement \u00e9tudiant<\/h5>\n<\/div><ul style=\"--awb-line-height:27.2px;--awb-icon-width:27.2px;--awb-icon-height:27.2px;--awb-icon-margin:11.2px;--awb-content-margin:38.4px;--awb-circlecolor:#ff9800;--awb-circle-yes-font-size:14.08px;\" class=\"fusion-checklist fusion-checklist-1 fusion-checklist-default type-icons\"><li class=\"fusion-li-item\" style=\"\"><span class=\"icon-wrapper circle-yes\"><i class=\"fusion-li-icon fa-chevron-circle-right fas\" aria-hidden=\"true\"><\/i><\/span><div class=\"fusion-li-item-content\">\n<p>Parce que c\u2019est un enjeu de strat\u00e9gie d\u2019\u00e9tablissement en termes d\u2019attractivit\u00e9 aupr\u00e8s des \u00e9tudiants \u00e9loign\u00e9s (nationaux ou internationaux) et en termes sociaux pour h\u00e9berger les \u00e9tudiants exclus par la pression des loyers dans les secteurs tendus.<\/p>\n<\/div><\/li><li class=\"fusion-li-item\" style=\"\"><span class=\"icon-wrapper circle-yes\"><i class=\"fusion-li-icon fa-chevron-circle-right fas\" aria-hidden=\"true\"><\/i><\/span><div class=\"fusion-li-item-content\">\n<p>Parce que le pilotage de l\u2019accueil des \u00e9tudiants n\u2019est jamais si bon qu\u2019au niveau o\u00f9 ils travaillent et vivent ensemble.<\/p>\n<\/div><\/li><li class=\"fusion-li-item\" style=\"\"><span class=\"icon-wrapper circle-yes\"><i class=\"fusion-li-icon fa-chevron-circle-right fas\" aria-hidden=\"true\"><\/i><\/span><div class=\"fusion-li-item-content\">\n<p>Parce que la d\u00e9volution de l\u2019immobilier aux universit\u00e9s confronte celles-ci \u00e0 des responsabilit\u00e9s et \u00e0 des opportunit\u00e9s nouvelles de d\u00e9veloppement immobilier, y compris dans le logement.<\/p>\n<\/div><\/li><\/ul><div class=\"fusion-clearfix\"><\/div><\/div><\/div><\/div><\/div><div class=\"fusion-fullwidth fullwidth-box fusion-builder-row-3 gradient-container-3 nonhundred-percent-fullwidth non-hundred-percent-height-scrolling\" style=\"--awb-border-radius-top-left:0px;--awb-border-radius-top-right:0px;--awb-border-radius-bottom-right:0px;--awb-border-radius-bottom-left:0px;--awb-flex-wrap:wrap;\" ><div class=\"fusion-builder-row fusion-row\"><div class=\"fusion-layout-column fusion_builder_column fusion-builder-column-2 fusion_builder_column_1_1 1_1 fusion-one-full fusion-column-first fusion-column-last\" style=\"--awb-bg-size:cover;\"><div class=\"fusion-column-wrapper fusion-column-has-shadow fusion-flex-column-wrapper-legacy\"><div class=\"fusion-text fusion-text-2\"><h5>Notre m\u00e9tier\u00a0: connecter chaque \u00e9tablissement avec les op\u00e9rateurs pertinents<\/h5>\n<\/div><ul style=\"--awb-line-height:27.2px;--awb-icon-width:27.2px;--awb-icon-height:27.2px;--awb-icon-margin:11.2px;--awb-content-margin:38.4px;--awb-circlecolor:#ff9800;--awb-circle-yes-font-size:14.08px;\" class=\"fusion-checklist fusion-checklist-2 fusion-checklist-default type-icons\"><li class=\"fusion-li-item\" style=\"\"><span class=\"icon-wrapper circle-yes\"><i class=\"fusion-li-icon fa-chevron-circle-right fas\" aria-hidden=\"true\"><\/i><\/span><div class=\"fusion-li-item-content\">\n<p>Nous ne sommes pas un promoteur, un investisseur, un bailleur, une fonci\u00e8re\u2026 Nous n\u2019avons pas de capital financier, foncier ou immobilier. Notre seul actif est immat\u00e9riel, il est dans nos t\u00eates.<\/p>\n<\/div><\/li><li class=\"fusion-li-item\" style=\"\"><span class=\"icon-wrapper circle-yes\"><i class=\"fusion-li-icon fa-chevron-circle-right fas\" aria-hidden=\"true\"><\/i><\/span><div class=\"fusion-li-item-content\">\n<p>Notre richesse tient dans le savoir-faire que nous mettons \u00e0 la disposition de chaque \u00e9tablissement\u00a0: nous savons traduire ses besoins dans une langue comprise par les op\u00e9rateurs, nous voulons \u00eatre des passeurs.<\/p>\n<\/div><\/li><li class=\"fusion-li-item\" style=\"\"><span class=\"icon-wrapper circle-yes\"><i class=\"fusion-li-icon fa-chevron-circle-right fas\" aria-hidden=\"true\"><\/i><\/span><div class=\"fusion-li-item-content\">\n<p>Nous ne contentons pas de parler la langue des professionnels, nous accompagnons l\u2019\u00e9tablissement dans l\u2019\u00e9laboration et dans la r\u00e9alisation de ses plans de d\u00e9veloppement.<\/p>\n<\/div><\/li><\/ul><div class=\"fusion-clearfix\"><\/div><\/div><\/div><\/div><\/div><div class=\"fusion-fullwidth fullwidth-box fusion-builder-row-4 gradient-container-4 nonhundred-percent-fullwidth non-hundred-percent-height-scrolling\" style=\"--awb-border-radius-top-left:0px;--awb-border-radius-top-right:0px;--awb-border-radius-bottom-right:0px;--awb-border-radius-bottom-left:0px;--awb-flex-wrap:wrap;\" ><div class=\"fusion-builder-row fusion-row\"><div class=\"fusion-layout-column fusion_builder_column fusion-builder-column-3 fusion_builder_column_1_1 1_1 fusion-one-full fusion-column-first fusion-column-last\" style=\"--awb-bg-size:cover;\"><div class=\"fusion-column-wrapper fusion-column-has-shadow fusion-flex-column-wrapper-legacy\"><div class=\"fusion-text fusion-text-3\"><h5>C\u2019est possible<\/h5>\n<\/div><ul style=\"--awb-line-height:27.2px;--awb-icon-width:27.2px;--awb-icon-height:27.2px;--awb-icon-margin:11.2px;--awb-content-margin:38.4px;--awb-circlecolor:#ffc107;--awb-circle-yes-font-size:14.08px;\" class=\"fusion-checklist fusion-checklist-3 fusion-checklist-default type-icons\"><li class=\"fusion-li-item\" style=\"\"><span class=\"icon-wrapper circle-yes\"><i class=\"fusion-li-icon fa-chevron-circle-right fas\" aria-hidden=\"true\"><\/i><\/span><div class=\"fusion-li-item-content\">\n<p>Les freins \u00e0 l\u2019action viennent parfois des freins r\u00e9glementaires, mais plus souvent de l\u2019ignorance des possibilit\u00e9s offertes. Ainsi, l\u2019h\u00e9bergement des \u00e9tudiants fait partie des missions l\u00e9gales des \u00e9tablissements.<\/p>\n<\/div><\/li><li class=\"fusion-li-item\" style=\"\"><span class=\"icon-wrapper circle-yes\"><i class=\"fusion-li-icon fa-chevron-circle-right fas\" aria-hidden=\"true\"><\/i><\/span><div class=\"fusion-li-item-content\">\n<p>Il n\u2019est pas non plus n\u00e9cessaire \u00e0 un \u00e9tablissement d\u2019investir un euro en pleine propri\u00e9t\u00e9 pour disposer de l\u2019usage exclusif d\u2019une r\u00e9sidence \u00e9tudiante.<\/p>\n<\/div><\/li><li class=\"fusion-li-item\" style=\"\"><span class=\"icon-wrapper circle-yes\"><i class=\"fusion-li-icon fa-chevron-circle-right fas\" aria-hidden=\"true\"><\/i><\/span><div class=\"fusion-li-item-content\">\n<p>Dans le cadre juridique existant, sans pr\u00e9l\u00e8vement sur son budget, sans sacrifier non plus \u00e0 la gestion locative, un \u00e9tablissement peut devenir attributaire exclusif de logements pour ses \u00e9tudiants.<\/p>\n<\/div><\/li><li class=\"fusion-li-item\" style=\"\"><span class=\"icon-wrapper circle-yes\"><i class=\"fusion-li-icon fa-chevron-circle-right fas\" aria-hidden=\"true\"><\/i><\/span><div class=\"fusion-li-item-content\">\n<p>La relation directe et privil\u00e9gi\u00e9e avec un \u00e9tablissement peut \u00eatre aussi une source de ma\u00eetrise de leurs risques et de leurs co\u00fbts pour les op\u00e9rateurs. C\u2019est pourquoi ceux-ci sont \u00e0 l\u2019\u00e9coute.<\/p>\n<\/div><\/li><\/ul><div class=\"fusion-clearfix\"><\/div><\/div><\/div><\/div><\/div><div class=\"fusion-fullwidth fullwidth-box fusion-builder-row-5 gradient-container-5 nonhundred-percent-fullwidth non-hundred-percent-height-scrolling\" style=\"--awb-border-radius-top-left:0px;--awb-border-radius-top-right:0px;--awb-border-radius-bottom-right:0px;--awb-border-radius-bottom-left:0px;--awb-flex-wrap:wrap;\" ><div class=\"fusion-builder-row fusion-row\"><div class=\"fusion-layout-column fusion_builder_column fusion-builder-column-4 fusion_builder_column_1_1 1_1 fusion-one-full fusion-column-first fusion-column-last\" style=\"--awb-bg-size:cover;\"><div class=\"fusion-column-wrapper fusion-column-has-shadow fusion-flex-column-wrapper-legacy\"><div class=\"fusion-text fusion-text-4\"><h5>C\u2019est maintenant<\/h5>\n<\/div><ul style=\"--awb-line-height:27.2px;--awb-icon-width:27.2px;--awb-icon-height:27.2px;--awb-icon-margin:11.2px;--awb-content-margin:38.4px;--awb-circlecolor:#ff9800;--awb-circle-yes-font-size:14.08px;\" class=\"fusion-checklist fusion-checklist-4 fusion-checklist-default type-icons\"><li class=\"fusion-li-item\" style=\"\"><span class=\"icon-wrapper circle-yes\"><i class=\"fusion-li-icon fa-chevron-circle-right fas\" aria-hidden=\"true\"><\/i><\/span><div class=\"fusion-li-item-content\">\n<p>L\u2019autonomie croissante des \u00e9tablissements tend \u00e0 en faire les premiers interlocuteurs des \u00e9tudiants pour des services de base, tel que le logement. Il n\u2019est pas trop t\u00f4t pour s\u2019organiser au niveau de chaque \u00e9tablissement.<\/p>\n<\/div><\/li><li class=\"fusion-li-item\" style=\"\"><span class=\"icon-wrapper circle-yes\"><i class=\"fusion-li-icon fa-chevron-circle-right fas\" aria-hidden=\"true\"><\/i><\/span><div class=\"fusion-li-item-content\">\n<p>Les regroupements d\u2019\u00e9tablissement font surgir des institutions \u00e0 qui la taille conf\u00e8re une cr\u00e9dibilit\u00e9 d\u00e9multipli\u00e9e aupr\u00e8s des acteurs politiques et \u00e9conomiques territoriaux.<\/p>\n<\/div><\/li><li class=\"fusion-li-item\" style=\"\"><span class=\"icon-wrapper circle-yes\"><i class=\"fusion-li-icon fa-chevron-circle-right fas\" aria-hidden=\"true\"><\/i><\/span><div class=\"fusion-li-item-content\">\n<p>La \u00ab\u00a0fili\u00e8re\u00a0\u00bb du logement \u00e9tudiant \u00e9volue. Les phases amont (investissement, construction) trouvent des op\u00e9rateurs priv\u00e9s ou publics dot\u00e9s de comp\u00e9tences renforc\u00e9es. En aval, le sourcing des usagers devient une forte valeur ajout\u00e9e de chaque \u00e9tablissement.<\/p>\n<\/div><\/li><\/ul><div class=\"fusion-clearfix\"><\/div><\/div><\/div><\/div><\/div><div class=\"fusion-fullwidth fullwidth-box fusion-builder-row-6 gradient-container-6 nonhundred-percent-fullwidth non-hundred-percent-height-scrolling\" style=\"--awb-border-radius-top-left:0px;--awb-border-radius-top-right:0px;--awb-border-radius-bottom-right:0px;--awb-border-radius-bottom-left:0px;--awb-flex-wrap:wrap;\" ><div class=\"fusion-builder-row fusion-row\"><div class=\"fusion-layout-column fusion_builder_column fusion-builder-column-5 fusion_builder_column_1_1 1_1 fusion-one-full fusion-column-first fusion-column-last\" style=\"--awb-bg-size:cover;\"><div class=\"fusion-column-wrapper fusion-column-has-shadow fusion-flex-column-wrapper-legacy\"><div class=\"fusion-text fusion-text-5\"><h5>Le logement, un enjeu soci\u00e9tal<\/h5>\n<\/div><ul style=\"--awb-line-height:27.2px;--awb-icon-width:27.2px;--awb-icon-height:27.2px;--awb-icon-margin:11.2px;--awb-content-margin:38.4px;--awb-circlecolor:#ff9800;--awb-circle-yes-font-size:14.08px;\" class=\"fusion-checklist fusion-checklist-5 fusion-checklist-default type-icons\"><li class=\"fusion-li-item\" style=\"\"><span class=\"icon-wrapper circle-yes\"><i class=\"fusion-li-icon fa-chevron-circle-right fas\" aria-hidden=\"true\"><\/i><\/span><div class=\"fusion-li-item-content\">\n<p>Le mod\u00e8le du campus \u00ab\u00a0\u00e0 l\u2019anglo-saxonne\u00a0\u00bb n\u2019est pas le plus r\u00e9pandu en France. Le d\u00e9fi est d\u2019ins\u00e9rer les logements d&rsquo;\u00e9tudiants dans le tissu urbain, et de favoriser l\u2019insertion des \u00e9tudiants dans la vie sociale des quartiers.<\/p>\n<\/div><\/li><li class=\"fusion-li-item\" style=\"\"><span class=\"icon-wrapper circle-yes\"><i class=\"fusion-li-icon fa-chevron-circle-right fas\" aria-hidden=\"true\"><\/i><\/span><div class=\"fusion-li-item-content\">\n<p>La conception des r\u00e9sidences \u00e9tudiantes doit \u00e9videmment s\u2019inscrire dans le respect des normes environnementales les plus exigeantes (HQE, immeuble \u00e0 consommation \u00e9nerg\u00e9tique neutre ou n\u00e9gative, v\u00e9g\u00e9talisation). La conception des logements et des espaces communs doit aussi entrer en r\u00e9sonnance avec les nouveaux usages\u00a0(co-working, lieux de socialisation).<\/p>\n<\/div><\/li><\/ul><div class=\"fusion-clearfix\"><\/div><\/div><\/div><\/div><\/div><div class=\"fusion-fullwidth fullwidth-box fusion-builder-row-7 gradient-container-7 nonhundred-percent-fullwidth non-hundred-percent-height-scrolling\" style=\"--awb-border-radius-top-left:0px;--awb-border-radius-top-right:0px;--awb-border-radius-bottom-right:0px;--awb-border-radius-bottom-left:0px;--awb-flex-wrap:wrap;\" ><div class=\"fusion-builder-row fusion-row\"><div class=\"fusion-layout-column fusion_builder_column fusion-builder-column-6 fusion_builder_column_1_1 1_1 fusion-one-full fusion-column-first fusion-column-last\" style=\"--awb-bg-size:cover;\"><div class=\"fusion-column-wrapper fusion-column-has-shadow fusion-flex-column-wrapper-legacy\"><div class=\"fusion-text fusion-text-6\"><h5>Pour remplir sa mission, Cl\u00e9Sup\u2019 vous propose\u00a0:<\/h5>\n<\/div><div class=\"fusion-content-boxes content-boxes columns row fusion-columns-3 fusion-columns-total-3 fusion-content-boxes-1 content-boxes-icon-boxed content-left\" style=\"--awb-backgroundcolor:#ff9800;--awb-body-color:#000000;--awb-title-color:#ffffff;--awb-hover-accent-color:#607d8b;--awb-circle-hover-accent-color:#607d8b;\" data-animationOffset=\"top-into-view\"><div style=\"--awb-backgroundcolor:#ff9800;--awb-iconcolor:#ff9800;\" class=\"fusion-column content-box-column content-box-column content-box-column-1 col-lg-4 col-md-4 col-sm-4 fusion-content-box-hover content-box-column-first-in-row\"><div class=\"col content-box-wrapper content-wrapper-background content-wrapper-boxed link-area-box link-type-button-bar icon-hover-animation-fade\" data-link=\"https:\/\/www.clesup.com\/index.php\/le-club\/\" data-link-target=\"_self\" data-animationOffset=\"top-into-view\"><div class=\"heading heading-with-icon icon-left\"><a class=\"heading-link\" href=\"https:\/\/www.clesup.com\/index.php\/le-club\/\" target=\"_self\"><div class=\"icon\"><i style=\"border-color:#212934;border-width:0px;background-color:#ffffff;box-sizing:content-box;height:70px;width:70px;line-height:70px;top:-85px;margin-left:-35px;border-radius:50%;font-size:35px;\" aria-hidden=\"true\" class=\"fontawesome-icon fa-couch fas circle-yes\"><\/i><\/div><h4 class=\"content-box-heading\" style=\"--h4_typography-font-size:24px;line-height:29px;\">Le Club<\/h4><\/a><\/div><div class=\"fusion-clearfix\"><\/div><div class=\"content-container\">\n<p>Ouvert \u00e0 toutes et tous, pour partager des exp\u00e9riences et des id\u00e9es<\/p>\n<\/div><div class=\"fusion-clearfix\"><\/div><a class=\" fusion-read-more fusion-button-bar\" href=\"https:\/\/www.clesup.com\/index.php\/le-club\/\" target=\"_self\">En savoir plus<\/a><div class=\"fusion-clearfix\"><\/div><\/div><\/div><div style=\"--awb-backgroundcolor:#ff9800;--awb-iconcolor:#ff9800;\" class=\"fusion-column content-box-column content-box-column content-box-column-2 col-lg-4 col-md-4 col-sm-4 fusion-content-box-hover \"><div class=\"col content-box-wrapper content-wrapper-background content-wrapper-boxed link-area-box link-type-button-bar icon-hover-animation-fade\" data-link=\"https:\/\/www.clesup.com\/index.php\/le-pre-diagnostic\/\" data-link-target=\"_self\" data-animationOffset=\"top-into-view\"><div class=\"heading heading-with-icon icon-left\"><a class=\"heading-link\" href=\"https:\/\/www.clesup.com\/index.php\/le-pre-diagnostic\/\" target=\"_self\"><div class=\"icon\"><i style=\"border-color:#212934;border-width:0px;background-color:#ffffff;box-sizing:content-box;height:70px;width:70px;line-height:70px;top:-85px;margin-left:-35px;border-radius:50%;font-size:35px;\" aria-hidden=\"true\" class=\"fontawesome-icon fa-microscope fas circle-yes\"><\/i><\/div><h4 class=\"content-box-heading\" style=\"--h4_typography-font-size:24px;line-height:29px;\">Le Pr\u00e9-diagnostic<\/h4><\/a><\/div><div class=\"fusion-clearfix\"><\/div><div class=\"content-container\">\n<p>Aide \u00e0 la formulation du besoin<\/p>\n<\/div><div class=\"fusion-clearfix\"><\/div><a class=\" fusion-read-more fusion-button-bar\" href=\"https:\/\/www.clesup.com\/index.php\/le-pre-diagnostic\/\" target=\"_self\">En savoir plus<\/a><div class=\"fusion-clearfix\"><\/div><\/div><\/div><div style=\"--awb-backgroundcolor:#ff9800;--awb-iconcolor:#ff9800;\" class=\"fusion-column content-box-column content-box-column content-box-column-3 col-lg-4 col-md-4 col-sm-4 fusion-content-box-hover content-box-column-last content-box-column-last-in-row\"><div class=\"col content-box-wrapper content-wrapper-background content-wrapper-boxed link-area-box link-type-button-bar icon-hover-animation-fade\" data-link=\"https:\/\/www.clesup.com\/index.php\/accompagnement\/\" data-link-target=\"_self\" data-animationOffset=\"top-into-view\"><div class=\"heading heading-with-icon icon-left\"><a class=\"heading-link\" href=\"https:\/\/www.clesup.com\/index.php\/accompagnement\/\" target=\"_self\"><div class=\"icon\"><i style=\"border-color:#212934;border-width:0px;background-color:#ffffff;box-sizing:content-box;height:70px;width:70px;line-height:70px;top:-85px;margin-left:-35px;border-radius:50%;font-size:35px;\" aria-hidden=\"true\" class=\"fontawesome-icon fa-hands-helping fas circle-yes\"><\/i><\/div><h4 class=\"content-box-heading\" style=\"--h4_typography-font-size:24px;line-height:29px;\">Accompagnement<\/h4><\/a><\/div><div class=\"fusion-clearfix\"><\/div><div class=\"content-container\">\n<p>Pour formuler un projet, pour le transformer en r\u00e9alisation.<\/p>\n<\/div><div class=\"fusion-clearfix\"><\/div><a class=\" fusion-read-more fusion-button-bar\" href=\"https:\/\/www.clesup.com\/index.php\/accompagnement\/\" target=\"_self\">En savoir plus<\/a><div class=\"fusion-clearfix\"><\/div><\/div><\/div><div class=\"fusion-clearfix\"><\/div><\/div><div class=\"fusion-clearfix\"><\/div><\/div><\/div><\/div><\/div><\/p>\n","protected":false},"excerpt":{"rendered":"","protected":false},"author":5,"featured_media":0,"parent":0,"menu_order":0,"comment_status":"closed","ping_status":"closed","template":"","meta":{"footnotes":""},"class_list":["post-10","page","type-page","status-publish","hentry"],"yoast_head":"<!-- This site is optimized with the Yoast SEO plugin v27.4 - https:\/\/yoast.com\/product\/yoast-seo-wordpress\/ -->\n<title>Notre mission - cl\u00e9sup&#039;<\/title>\n<meta name=\"robots\" content=\"index, follow, max-snippet:-1, max-image-preview:large, max-video-preview:-1\" \/>\n<link rel=\"canonical\" href=\"https:\/\/clesup.com\/index.php\/notre-mission\/\" \/>\n<meta property=\"og:locale\" content=\"fr_FR\" \/>\n<meta property=\"og:type\" content=\"article\" \/>\n<meta property=\"og:title\" content=\"Notre mission - cl\u00e9sup&#039;\" \/>\n<meta property=\"og:url\" content=\"https:\/\/clesup.com\/index.php\/notre-mission\/\" \/>\n<meta property=\"og:site_name\" content=\"cl\u00e9sup&#039;\" \/>\n<meta property=\"article:modified_time\" content=\"2021-04-08T09:32:51+00:00\" \/>\n<meta name=\"twitter:card\" content=\"summary_large_image\" \/>\n<meta name=\"twitter:label1\" content=\"Dur\u00e9e de lecture estim\u00e9e\" \/>\n\t<meta name=\"twitter:data1\" content=\"19 minutes\" \/>\n<script type=\"application\/ld+json\" class=\"yoast-schema-graph\">{\"@context\":\"https:\\\/\\\/schema.org\",\"@graph\":[{\"@type\":\"WebPage\",\"@id\":\"https:\\\/\\\/clesup.com\\\/index.php\\\/notre-mission\\\/\",\"url\":\"https:\\\/\\\/clesup.com\\\/index.php\\\/notre-mission\\\/\",\"name\":\"Notre mission - cl\u00e9sup&#039;\",\"isPartOf\":{\"@id\":\"https:\\\/\\\/clesup.com\\\/#website\"},\"datePublished\":\"2020-05-16T17:47:00+00:00\",\"dateModified\":\"2021-04-08T09:32:51+00:00\",\"breadcrumb\":{\"@id\":\"https:\\\/\\\/clesup.com\\\/index.php\\\/notre-mission\\\/#breadcrumb\"},\"inLanguage\":\"fr-FR\",\"potentialAction\":[{\"@type\":\"ReadAction\",\"target\":[\"https:\\\/\\\/clesup.com\\\/index.php\\\/notre-mission\\\/\"]}]},{\"@type\":\"BreadcrumbList\",\"@id\":\"https:\\\/\\\/clesup.com\\\/index.php\\\/notre-mission\\\/#breadcrumb\",\"itemListElement\":[{\"@type\":\"ListItem\",\"position\":1,\"name\":\"Accueil\",\"item\":\"https:\\\/\\\/clesup.com\\\/\"},{\"@type\":\"ListItem\",\"position\":2,\"name\":\"Notre mission\"}]},{\"@type\":\"WebSite\",\"@id\":\"https:\\\/\\\/clesup.com\\\/#website\",\"url\":\"https:\\\/\\\/clesup.com\\\/\",\"name\":\"cl\u00e9sup&#039;\",\"description\":\"Cl\u00e9Sup&#039; est une agence qui accompagne les universit\u00e9s et les grandes \u00e9coles dans le d\u00e9veloppement du logement \u00e9tudiant\",\"potentialAction\":[{\"@type\":\"SearchAction\",\"target\":{\"@type\":\"EntryPoint\",\"urlTemplate\":\"https:\\\/\\\/clesup.com\\\/?s={search_term_string}\"},\"query-input\":{\"@type\":\"PropertyValueSpecification\",\"valueRequired\":true,\"valueName\":\"search_term_string\"}}],\"inLanguage\":\"fr-FR\"}]}<\/script>\n<!-- \/ Yoast SEO plugin. -->","yoast_head_json":{"title":"Notre mission - cl\u00e9sup&#039;","robots":{"index":"index","follow":"follow","max-snippet":"max-snippet:-1","max-image-preview":"max-image-preview:large","max-video-preview":"max-video-preview:-1"},"canonical":"https:\/\/clesup.com\/index.php\/notre-mission\/","og_locale":"fr_FR","og_type":"article","og_title":"Notre mission - cl\u00e9sup&#039;","og_url":"https:\/\/clesup.com\/index.php\/notre-mission\/","og_site_name":"cl\u00e9sup&#039;","article_modified_time":"2021-04-08T09:32:51+00:00","twitter_card":"summary_large_image","twitter_misc":{"Dur\u00e9e de lecture estim\u00e9e":"19 minutes"},"schema":{"@context":"https:\/\/schema.org","@graph":[{"@type":"WebPage","@id":"https:\/\/clesup.com\/index.php\/notre-mission\/","url":"https:\/\/clesup.com\/index.php\/notre-mission\/","name":"Notre mission - cl\u00e9sup&#039;","isPartOf":{"@id":"https:\/\/clesup.com\/#website"},"datePublished":"2020-05-16T17:47:00+00:00","dateModified":"2021-04-08T09:32:51+00:00","breadcrumb":{"@id":"https:\/\/clesup.com\/index.php\/notre-mission\/#breadcrumb"},"inLanguage":"fr-FR","potentialAction":[{"@type":"ReadAction","target":["https:\/\/clesup.com\/index.php\/notre-mission\/"]}]},{"@type":"BreadcrumbList","@id":"https:\/\/clesup.com\/index.php\/notre-mission\/#breadcrumb","itemListElement":[{"@type":"ListItem","position":1,"name":"Accueil","item":"https:\/\/clesup.com\/"},{"@type":"ListItem","position":2,"name":"Notre mission"}]},{"@type":"WebSite","@id":"https:\/\/clesup.com\/#website","url":"https:\/\/clesup.com\/","name":"cl\u00e9sup&#039;","description":"Cl\u00e9Sup&#039; est une agence qui accompagne les universit\u00e9s et les grandes \u00e9coles dans le d\u00e9veloppement du logement \u00e9tudiant","potentialAction":[{"@type":"SearchAction","target":{"@type":"EntryPoint","urlTemplate":"https:\/\/clesup.com\/?s={search_term_string}"},"query-input":{"@type":"PropertyValueSpecification","valueRequired":true,"valueName":"search_term_string"}}],"inLanguage":"fr-FR"}]}},"_links":{"self":[{"href":"https:\/\/clesup.com\/index.php\/wp-json\/wp\/v2\/pages\/10","targetHints":{"allow":["GET"]}}],"collection":[{"href":"https:\/\/clesup.com\/index.php\/wp-json\/wp\/v2\/pages"}],"about":[{"href":"https:\/\/clesup.com\/index.php\/wp-json\/wp\/v2\/types\/page"}],"author":[{"embeddable":true,"href":"https:\/\/clesup.com\/index.php\/wp-json\/wp\/v2\/users\/5"}],"replies":[{"embeddable":true,"href":"https:\/\/clesup.com\/index.php\/wp-json\/wp\/v2\/comments?post=10"}],"version-history":[{"count":35,"href":"https:\/\/clesup.com\/index.php\/wp-json\/wp\/v2\/pages\/10\/revisions"}],"predecessor-version":[{"id":339,"href":"https:\/\/clesup.com\/index.php\/wp-json\/wp\/v2\/pages\/10\/revisions\/339"}],"wp:attachment":[{"href":"https:\/\/clesup.com\/index.php\/wp-json\/wp\/v2\/media?parent=10"}],"curies":[{"name":"wp","href":"https:\/\/api.w.org\/{rel}","templated":true}]}}